{"id":15783,"date":"2018-11-19T10:35:35","date_gmt":"2018-11-19T09:35:35","guid":{"rendered":"https:\/\/www.zanettichini.it\/chi-siamo\/"},"modified":"2020-11-19T18:03:49","modified_gmt":"2020-11-19T17:03:49","slug":"chi-siamo","status":"publish","type":"page","link":"https:\/\/www.zanettichini.it\/fr\/chi-siamo\/","title":{"rendered":"ZC Zanetti Chini Rubinetterie"},"content":{"rendered":"<div class=\"wpb-content-wrapper\"><p>[vc_row full_width=\u00a0\u00bbstretch_row\u00a0\u00bb css=\u00a0\u00bb.vc_custom_1601021681173{margin-bottom: 0px !important;padding-top: 40px !important;padding-bottom: 40px !important;}\u00a0\u00bb][vc_column]<h2 class=\"boc_heading  al_left  \"  style=\"margin-bottom: 20px;margin-top: 0px;color: #333;\"><span>Future, pr\u00e9sent, l\u2019histoire<\/span><\/h2>[vc_row_inner][vc_column_inner width=\u00a0\u00bb2\/3&Prime;][vc_column_text]<strong>ZC Zanetti Chini Rubinetterie<\/strong> est fi\u00e8re de son parcours\u00a0: fond\u00e9e par le p\u00e8re Giuseppe, inspir\u00e9e par les valeurs de l\u2019entreprise familiale et avec la passion pour le travail bien fait, l\u2019Entreprise s\u2019est d\u00e9velopp\u00e9e dans la tradition artisanale et avec une forte orientation vers l\u2019innovation pour le d\u00e9veloppement du futur.<\/p>\n<p>Avec l\u2019engagement des enfants, Alessia, Matteo et Giorgio, avec leur comp\u00e9tences distinctives, ainsi qu\u2019avec le petit-fils Guglielmo, toujours actif dans la coordination des proc\u00e9d\u00e9s de production, l\u2019entreprise a pr\u00e9vu le d\u00e9veloppement afin d\u2019assumer les caract\u00e9ristiques du syst\u00e8me entrepreneurial.<\/p>\n<p>A travers le d\u00e9veloppement de la structure, des technologies, de l\u2019organisation des proc\u00e9d\u00e9s et des outils op\u00e9rationnels, en activant la formation des ressources humaines et en cr\u00e9ant une \u00e9quipe des sp\u00e9cialistes du domaine, <strong>ZC Zanetti Chini Rubinetterie<\/strong> a r\u00e9alis\u00e9 un excellent syst\u00e8me de cr\u00e9ation de valeur.<\/p>\n<p>Dans cette optique, <strong>ZC Zanetti Chini Rubinetterie<\/strong> s\u2019est transform\u00e9e en un syst\u00e8me organis\u00e9 et flexible, avec une forte orientation vers le march\u00e9, l\u2019originalit\u00e9 de la pens\u00e9e et la fra\u00eecheur du langage, tout en maintenant une \u00e9quilibre entre la tradition et l\u2019innovation, selon une certaine fa\u00e7on d\u2019\u00eatre et en d\u00e9fiant le march\u00e9 \u00e0 l\u2019aide d\u2019une gamme articul\u00e9e de produits divis\u00e9s en collections distinctives gr\u00e2ce \u00e0 leurs formes et fonctions.[\/vc_column_text][\/vc_column_inner][vc_column_inner width=\u00a0\u00bb1\/3&Prime;][vc_single_image image=\u00a0\u00bb1282&Prime;][\/vc_column_inner][\/vc_row_inner]<h2 class=\"boc_heading  al_left  \"  style=\"margin-bottom: 20px;margin-top: 0px;color: #333;\"><span>65 ans entre tradition et innovation<\/span><\/h2>[vc_row_inner equal_height=\u00a0\u00bbyes\u00a0\u00bb gap=\u00a0\u00bb20&Prime;][vc_column_inner width=\u00a0\u00bb1\/2&Prime;][vc_column_text]Le syst\u00e8me <strong>ZC Zanetti Chini Rubinetterie<\/strong> poss\u00e8de le certificat Made in Italy et travaille en conformit\u00e9 avec les exigences du syst\u00e8me de qualit\u00e9 italien : La production enti\u00e8rement en Italie \u2013 la protection et le respect de l\u2019environnement \u2013 le respect des normes \u00e9thiques \u2013 les produits construits avec des mat\u00e9riaux de qualit\u00e9 et conform\u00e9ment aux normes de s\u00e9curit\u00e9 et d\u2019hygi\u00e8ne.<\/p>\n<p><strong>Syst\u00e8me entrepreneurial petit et beau<\/strong><\/p>\n<p>Une structure simple et souple, avec une organisation vive et flexible; une \u00e9quipe de travail efficace et performante ainsi qu\u2019une offre intelligente qui place le client au centre de l\u2019attention.<\/p>\n<p><strong>Mission: ADN \u00e0 haute valeur ajout\u00e9e<\/strong><\/p>\n<p>Synth\u00e8se de la tradition artisanale, l\u2019ing\u00e9niosit\u00e9, l\u2019innovation et l\u2019action collective.[\/vc_column_text][\/vc_column_inner][vc_column_inner width=\u00a0\u00bb1\/2&Prime;][vc_column_text]<strong>Id\u00e9es et activit\u00e9s souples<\/strong><\/p>\n<p>Planifier, d\u00e9velopper et g\u00e9rer les projets dans le cadre innovant afin de r\u00e9pondre \u00e0 la question tout en anticipant les attentes, pour g\u00e9n\u00e9rer des avantages comp\u00e9titifs \u00e0 travers la construction des relations et le partenariat du march\u00e9.<\/p>\n<p><strong>Hyper-relation Entreprise \u2013 Designer<\/strong><\/p>\n<p>Cr\u00e9ativit\u00e9 et int\u00e9gration : l\u2019ensemble des intelligences afin de r\u00e9pondre aux scenarios et aux exigences du march\u00e9 toujours plus complexes, \u00e0 ses d\u00e9fis, ses prospectives et de nouvelles opportunit\u00e9s.<\/p>\n<p>Ces lignes directrices pour valoriser le patrimoine artistique et culturel, dans une synth\u00e8se d\u2019ing\u00e9niosit\u00e9, d\u2019innovation et d\u2019activit\u00e9 collective.[\/vc_column_text][\/vc_column_inner][\/vc_row_inner][\/vc_column][\/vc_row][vc_row][vc_column]<div class=\"grid_holder mfp_gallery  small_spacing\" id=\"img_gallery_d08c2cc9deff9e8f860716971d249b31\"><div class=\"col span_1_of_2 info_item isotope_element\">\n\t\t\t\t\t\t\t<div class=\"pic  img_hover_effect1\">\t\t\t\n\t\t\t\t\t\t\t<a href=\"https:\/\/it.wikipedia.org\/wiki\/Ottone_(lega)\" target=\"_blank\" title=\"\">\n\t\t\t\t\t\t\t\t<img decoding=\"async\" src=\"https:\/\/www.zanettichini.it\/wp-content\/uploads\/2020\/10\/Chi-siamo_ottone-600x380.jpg\" alt=\"\" \/>\n\t\t\t\t\t\t\t\t<div class='img_overlay'><span class='hover_icon icon_zoom'><\/span><\/div>\n\t\t\t\t\t\t\t<\/a>\t<\/div><\/div><div class=\"col span_1_of_2 info_item isotope_element\">\n\t\t\t\t\t\t\t<div class=\"pic  img_hover_effect1\">\t\t\t\n\t\t\t\t\t\t\t<a href=\"https:\/\/it.wikipedia.org\/wiki\/Superfici_di_contatto_antibatteriche_in_lega_di_rame\" target=\"_blank\" title=\"\">\n\t\t\t\t\t\t\t\t<img decoding=\"async\" src=\"https:\/\/www.zanettichini.it\/wp-content\/uploads\/2020\/10\/Chi-siamo_mani-600x380.jpg\" alt=\"\" \/>\n\t\t\t\t\t\t\t\t<div class='img_overlay'><span class='hover_icon icon_zoom'><\/span><\/div>\n\t\t\t\t\t\t\t<\/a>\t<\/div><\/div><\/div><div class=\"grid_holder mfp_gallery  small_spacing\" id=\"img_gallery_b019eea7d743b274d9d5469247254362\"><div class=\"col span_1_of_4 info_item isotope_element\">\n\t\t\t\t\t\t\t<div class=\"pic \"><img decoding=\"async\" src=\"https:\/\/www.zanettichini.it\/wp-content\/uploads\/2020\/10\/FOTO-DITTA_edjpg.jpg\" alt=\"\" \/>\t<\/div><\/div><div class=\"col span_1_of_4 info_item isotope_element\">\n\t\t\t\t\t\t\t<div class=\"pic \"><img decoding=\"async\" src=\"https:\/\/www.zanettichini.it\/wp-content\/uploads\/2020\/10\/CNC_ed.jpg\" alt=\"\" \/>\t<\/div><\/div><div class=\"col span_1_of_4 info_item isotope_element\">\n\t\t\t\t\t\t\t<div class=\"pic \"><img decoding=\"async\" src=\"https:\/\/www.zanettichini.it\/wp-content\/uploads\/2020\/10\/TORNIO-ed.jpg\" alt=\"\" \/>\t<\/div><\/div><div class=\"col span_1_of_4 info_item isotope_element\">\n\t\t\t\t\t\t\t<div class=\"pic \"><img decoding=\"async\" src=\"https:\/\/www.zanettichini.it\/wp-content\/uploads\/2020\/10\/LUCIDATURA_ed.jpg\" alt=\"\" \/>\t<\/div><\/div><div class=\"col span_1_of_4 info_item isotope_element\">\n\t\t\t\t\t\t\t<div class=\"pic \"><img decoding=\"async\" src=\"https:\/\/www.zanettichini.it\/wp-content\/uploads\/2020\/10\/VERNICIATURA_ed.jpg\" alt=\"\" \/>\t<\/div><\/div><div class=\"col span_1_of_4 info_item isotope_element\">\n\t\t\t\t\t\t\t<div class=\"pic \"><img decoding=\"async\" src=\"https:\/\/www.zanettichini.it\/wp-content\/uploads\/2020\/10\/GALVANICA_ed.jpg\" alt=\"\" \/>\t<\/div><\/div><div class=\"col span_1_of_4 info_item isotope_element\">\n\t\t\t\t\t\t\t<div class=\"pic \"><img decoding=\"async\" src=\"https:\/\/www.zanettichini.it\/wp-content\/uploads\/2020\/10\/ASSEMBLAGGIO_ed.jpg\" alt=\"\" \/>\t<\/div><\/div><div class=\"col span_1_of_4 info_item isotope_element\">\n\t\t\t\t\t\t\t<div class=\"pic \"><img decoding=\"async\" src=\"https:\/\/www.zanettichini.it\/wp-content\/uploads\/2020\/10\/IMBALLAGGIO_ed.jpg\" alt=\"\" \/>\t<\/div><\/div><\/div>[\/vc_column][\/vc_row][vc_row][vc_column]<h2 class=\"boc_heading  al_left  \"  style=\"margin-bottom: 20px;margin-top: 0px;color: #333;\"><span>Production, talent et organisation<\/span><\/h2>[vc_column_text]Le syst\u00e8me technologique et le savoir-faire permettent de r\u00e9aliser le cycle complet de la production, des phases de la transformation de la mati\u00e8re premi\u00e8re aux usinages m\u00e9caniques, finition et assemblage, support\u00e9 par les synergies externes pour la sp\u00e9cialisation.<\/p>\n<p>Les proc\u00e9d\u00e9s de production sont li\u00e9s au syst\u00e8me informatique qui g\u00e8re toutes les fonctions de production, organisation et livraison.<\/p>\n<p>Talent et organisation: c\u2019est la fa\u00e7on dont <strong>ZC Zanetti Chini Rubinetterie<\/strong> interpr\u00e8te le Made in Italy.<\/p>\n<p><strong>Collections: la qualit\u00e9 accessible<\/strong><\/p>\n<p>Une gamme des produits \u00e9clectiques divis\u00e9s en collections par les styles de consommation, dans les secteurs de l\u2019ameublement des salles de bains et cuisines.<\/p>\n<p>Les Collections Salle de bains et Cuisine, ZCfabrica et Consolle, conjuguent la qualit\u00e9 de la recherche et le sens du projet pour le d\u00e9veloppement de l\u2019identit\u00e9 de l\u2019Entreprise et de la comp\u00e9titivit\u00e9.[\/vc_column_text][\/vc_column][\/vc_row][vc_row full_width=\u00a0\u00bbstretch_row\u00a0\u00bb equal_height=\u00a0\u00bbyes\u00a0\u00bb content_placement=\u00a0\u00bbmiddle\u00a0\u00bb css=\u00a0\u00bb.vc_custom_1588842954216{margin-bottom: 0px !important;padding-top: 20px !important;padding-bottom: 20px !important;background-color: #414042 !important;}\u00a0\u00bb][vc_column el_class=\u00a0\u00bbwhite_text\u00a0\u00bb]<div class=\"text_box  box_no_bgr \"><div class=\"text_box_content with_button\"><h2>Contactez-nous pour plus d\u2019informations<\/h2>\n\t\t\t\t\t<p><\/p>\n\t\t\t\t<\/div><div class=\"btn_holder\"><a\thref=\"\/fr\/contatti\/\" \n\t\t\t\t\tclass=\"button  btn_medium_stretched btn_white btn_rounded btn_outline  \"  target='_self'><span>Contactez-nous<\/span><\/a><\/div><\/div>[\/vc_column][\/vc_row]<\/p>\n<\/div>","protected":false},"excerpt":{"rendered":"<p>[vc_row full_width=\u00a0\u00bbstretch_row\u00a0\u00bb css=\u00a0\u00bb.vc_custom_1601021681173{margin-bottom: 0px !important;padding-top: 40px !important;padding-bottom: 40px !important;}\u00a0\u00bb][vc_column][vc_row_inner][vc_column_inner width=\u00a0\u00bb2\/3&Prime;][vc_column_text]ZC Zanetti Chini Rubinetterie est fi\u00e8re de son parcours\u00a0: fond\u00e9e par le p\u00e8re Giuseppe, inspir\u00e9e par les valeurs de l\u2019entreprise familiale et avec la passion pour le travail bien fait, l\u2019Entreprise s\u2019est d\u00e9velopp\u00e9e dans la tradition artisanale et avec une forte orientation vers l\u2019innovation pour le d\u00e9veloppement du futur. Avec l\u2019engagement<\/p>\n<div class=\"h10\"><\/div>\n<p><a class=\"more-link2 flat\" href=\"https:\/\/www.zanettichini.it\/fr\/chi-siamo\/\">Read more<\/a><\/p>\n","protected":false},"author":5,"featured_media":0,"parent":0,"menu_order":2,"comment_status":"closed","ping_status":"closed","template":"","meta":{"_acf_changed":false,"footnotes":""},"class_list":["post-15783","page","type-page","status-publish","hentry"],"acf":[],"aioseo_notices":[],"_links":{"self":[{"href":"https:\/\/www.zanettichini.it\/fr\/wp-json\/wp\/v2\/pages\/15783","targetHints":{"allow":["GET"]}}],"collection":[{"href":"https:\/\/www.zanettichini.it\/fr\/wp-json\/wp\/v2\/pages"}],"about":[{"href":"https:\/\/www.zanettichini.it\/fr\/wp-json\/wp\/v2\/types\/page"}],"author":[{"embeddable":true,"href":"https:\/\/www.zanettichini.it\/fr\/wp-json\/wp\/v2\/users\/5"}],"replies":[{"embeddable":true,"href":"https:\/\/www.zanettichini.it\/fr\/wp-json\/wp\/v2\/comments?post=15783"}],"version-history":[{"count":3,"href":"https:\/\/www.zanettichini.it\/fr\/wp-json\/wp\/v2\/pages\/15783\/revisions"}],"predecessor-version":[{"id":35149,"href":"https:\/\/www.zanettichini.it\/fr\/wp-json\/wp\/v2\/pages\/15783\/revisions\/35149"}],"wp:attachment":[{"href":"https:\/\/www.zanettichini.it\/fr\/wp-json\/wp\/v2\/media?parent=15783"}],"curies":[{"name":"wp","href":"https:\/\/api.w.org\/{rel}","templated":true}]}}