{"id":15948,"date":"2020-10-15T13:01:16","date_gmt":"2020-10-15T11:01:16","guid":{"rendered":"https:\/\/www.zanettichini.it\/accessori\/"},"modified":"2020-11-19T12:59:31","modified_gmt":"2020-11-19T11:59:31","slug":"accessori","status":"publish","type":"page","link":"https:\/\/www.zanettichini.it\/fr\/accessori\/","title":{"rendered":"Accessoires"},"content":{"rendered":"<div class=\"wpb-content-wrapper\"><p>[vc_row full_width=\u00a0\u00bbstretch_row\u00a0\u00bb bg_type=\u00a0\u00bbimage\u00a0\u00bb bg_image_new=\u00a0\u00bb2835&Prime; bg_image_repeat=\u00a0\u00bbno-repeat\u00a0\u00bb enable_overlay=\u00a0\u00bbenable_overlay_value\u00a0\u00bb overlay_color=\u00a0\u00bbrgba(0,0,0,0.5)\u00a0\u00bb css=\u00a0\u00bb.vc_custom_1603790717958{margin-bottom: 0px !important;padding-top: 200px !important;padding-bottom: 150px !important;}\u00a0\u00bb][vc_column]<h2 class=\"boc_heading  center  \"  style=\"margin-bottom: 20px;margin-top: 0px;color: #f4f4f4;font-size: 24px;\"><span>Accessoires<\/span><\/h2><h1 class=\"boc_heading  center  \"  style=\"margin-bottom: 20px;margin-top: 0px;color: #f4f4f4;font-size: 32px;\"><span>ZC Zanetti Chini Rubinetterie<\/span><\/h1><div class=\"boc_divider_holder\"><div class=\"boc_divider  \"  style=\"margin-top: 20px;margin-bottom: 20px;width: 60px;margin-left: auto; margin-right: auto;height: 1px;background: rgba(186,186,186,0.5);\"><\/div><\/div>[\/vc_column][\/vc_row][vc_row full_width=\u00a0\u00bbstretch_row\u00a0\u00bb css=\u00a0\u00bb.vc_custom_1587662468667{margin-bottom: 0px !important;padding-top: 60px !important;padding-bottom: 60px !important;}\u00a0\u00bb][vc_column][vc_row_inner][vc_column_inner]<div class=\"woocommerce columns-3\"><ul class=\"products columns-3\">\n<li class=\"product-category product first\">\n\t<a aria-label=\"Acc\u00e9der \u00e0 la cat\u00e9gorie de produits Accessoires de salle de bain ZC63\" href=\"https:\/\/www.zanettichini.it\/fr\/categoria\/accessoires\/accessoires-de-salle-de-bain-zc63\/\"><img loading=\"lazy\" decoding=\"async\" src=\"https:\/\/www.zanettichini.it\/wp-content\/uploads\/2020\/10\/ZC63-nera-300x300.jpg\" alt=\"Accessoires de salle de bain ZC63\" width=\"300\" height=\"300\" srcset=\"https:\/\/www.zanettichini.it\/wp-content\/uploads\/2020\/10\/ZC63-nera-300x300.jpg 300w, https:\/\/www.zanettichini.it\/wp-content\/uploads\/2020\/10\/ZC63-nera-100x100.jpg 100w, https:\/\/www.zanettichini.it\/wp-content\/uploads\/2020\/10\/ZC63-nera-600x600.jpg 600w, https:\/\/www.zanettichini.it\/wp-content\/uploads\/2020\/10\/ZC63-nera-150x150.jpg 150w, https:\/\/www.zanettichini.it\/wp-content\/uploads\/2020\/10\/ZC63-nera-768x768.jpg 768w, https:\/\/www.zanettichini.it\/wp-content\/uploads\/2020\/10\/ZC63-nera.jpg 800w\" sizes=\"auto, (max-width: 300px) 100vw, 300px\" \/>\t\t<h2 class=\"woocommerce-loop-category__title\">\n\t\t\tAccessoires de salle de bain ZC63 <mark class=\"count\">(15)<\/mark>\t\t<\/h2>\n\t\t<\/a><\/li>\n<li class=\"product-category product\">\n\t<a aria-label=\"Acc\u00e9der \u00e0 la cat\u00e9gorie de produits Accessoires de salle de bain ZC64\" href=\"https:\/\/www.zanettichini.it\/fr\/categoria\/accessoires\/accessoires-de-salle-de-bain-zc64\/\"><img loading=\"lazy\" decoding=\"async\" src=\"https:\/\/www.zanettichini.it\/wp-content\/uploads\/2020\/10\/ZC64-nera-300x300.jpg\" alt=\"Accessoires de salle de bain ZC64\" width=\"300\" height=\"300\" srcset=\"https:\/\/www.zanettichini.it\/wp-content\/uploads\/2020\/10\/ZC64-nera-300x300.jpg 300w, https:\/\/www.zanettichini.it\/wp-content\/uploads\/2020\/10\/ZC64-nera-100x100.jpg 100w, https:\/\/www.zanettichini.it\/wp-content\/uploads\/2020\/10\/ZC64-nera-600x600.jpg 600w, https:\/\/www.zanettichini.it\/wp-content\/uploads\/2020\/10\/ZC64-nera-150x150.jpg 150w, https:\/\/www.zanettichini.it\/wp-content\/uploads\/2020\/10\/ZC64-nera-768x768.jpg 768w, https:\/\/www.zanettichini.it\/wp-content\/uploads\/2020\/10\/ZC64-nera.jpg 800w\" sizes=\"auto, (max-width: 300px) 100vw, 300px\" \/>\t\t<h2 class=\"woocommerce-loop-category__title\">\n\t\t\tAccessoires de salle de bain ZC64 <mark class=\"count\">(8)<\/mark>\t\t<\/h2>\n\t\t<\/a><\/li>\n<li class=\"product-category product last\">\n\t<a aria-label=\"Acc\u00e9der \u00e0 la cat\u00e9gorie de produits Colonnes de douche\" href=\"https:\/\/www.zanettichini.it\/fr\/categoria\/accessoires\/colonnes-de-douche\/\"><img loading=\"lazy\" decoding=\"async\" src=\"https:\/\/www.zanettichini.it\/wp-content\/uploads\/2020\/10\/ZC000817-nera-300x300.jpg\" alt=\"Colonnes de douche\" width=\"300\" height=\"300\" srcset=\"https:\/\/www.zanettichini.it\/wp-content\/uploads\/2020\/10\/ZC000817-nera-300x300.jpg 300w, https:\/\/www.zanettichini.it\/wp-content\/uploads\/2020\/10\/ZC000817-nera-100x100.jpg 100w, https:\/\/www.zanettichini.it\/wp-content\/uploads\/2020\/10\/ZC000817-nera-600x600.jpg 600w, https:\/\/www.zanettichini.it\/wp-content\/uploads\/2020\/10\/ZC000817-nera-150x150.jpg 150w, https:\/\/www.zanettichini.it\/wp-content\/uploads\/2020\/10\/ZC000817-nera-768x768.jpg 768w, https:\/\/www.zanettichini.it\/wp-content\/uploads\/2020\/10\/ZC000817-nera.jpg 800w\" sizes=\"auto, (max-width: 300px) 100vw, 300px\" \/>\t\t<h2 class=\"woocommerce-loop-category__title\">\n\t\t\tColonnes de douche <mark class=\"count\">(7)<\/mark>\t\t<\/h2>\n\t\t<\/a><\/li>\n<li class=\"product-category product first\">\n\t<a aria-label=\"Acc\u00e9der \u00e0 la cat\u00e9gorie de produits Diff\u00e9rents accessoires\" href=\"https:\/\/www.zanettichini.it\/fr\/categoria\/accessoires\/differents-accessoires\/\"><img loading=\"lazy\" decoding=\"async\" src=\"https:\/\/www.zanettichini.it\/wp-content\/uploads\/2020\/10\/ZC000705-nera-300x300.jpg\" alt=\"Diff\u00e9rents accessoires\" width=\"300\" height=\"300\" srcset=\"https:\/\/www.zanettichini.it\/wp-content\/uploads\/2020\/10\/ZC000705-nera-300x300.jpg 300w, https:\/\/www.zanettichini.it\/wp-content\/uploads\/2020\/10\/ZC000705-nera-100x100.jpg 100w, https:\/\/www.zanettichini.it\/wp-content\/uploads\/2020\/10\/ZC000705-nera-600x600.jpg 600w, https:\/\/www.zanettichini.it\/wp-content\/uploads\/2020\/10\/ZC000705-nera-150x150.jpg 150w, https:\/\/www.zanettichini.it\/wp-content\/uploads\/2020\/10\/ZC000705-nera-768x768.jpg 768w, https:\/\/www.zanettichini.it\/wp-content\/uploads\/2020\/10\/ZC000705-nera.jpg 800w\" sizes=\"auto, (max-width: 300px) 100vw, 300px\" \/>\t\t<h2 class=\"woocommerce-loop-category__title\">\n\t\t\tDiff\u00e9rents accessoires <mark class=\"count\">(22)<\/mark>\t\t<\/h2>\n\t\t<\/a><\/li>\n<li class=\"product-category product\">\n\t<a aria-label=\"Acc\u00e9der \u00e0 la cat\u00e9gorie de produits Douches et pommes de douche\" href=\"https:\/\/www.zanettichini.it\/fr\/categoria\/accessoires\/douches-et-pommes-de-douche\/\"><img loading=\"lazy\" decoding=\"async\" src=\"https:\/\/www.zanettichini.it\/wp-content\/uploads\/2020\/10\/ZC000800-nera-300x300.jpg\" alt=\"Douches et pommes de douche\" width=\"300\" height=\"300\" srcset=\"https:\/\/www.zanettichini.it\/wp-content\/uploads\/2020\/10\/ZC000800-nera-300x300.jpg 300w, https:\/\/www.zanettichini.it\/wp-content\/uploads\/2020\/10\/ZC000800-nera-100x100.jpg 100w, https:\/\/www.zanettichini.it\/wp-content\/uploads\/2020\/10\/ZC000800-nera-600x600.jpg 600w, https:\/\/www.zanettichini.it\/wp-content\/uploads\/2020\/10\/ZC000800-nera-150x150.jpg 150w, https:\/\/www.zanettichini.it\/wp-content\/uploads\/2020\/10\/ZC000800-nera-768x768.jpg 768w, https:\/\/www.zanettichini.it\/wp-content\/uploads\/2020\/10\/ZC000800-nera.jpg 800w\" sizes=\"auto, (max-width: 300px) 100vw, 300px\" \/>\t\t<h2 class=\"woocommerce-loop-category__title\">\n\t\t\tDouches et pommes de douche <mark class=\"count\">(20)<\/mark>\t\t<\/h2>\n\t\t<\/a><\/li>\n<\/ul>\n<\/div>[\/vc_column_inner][\/vc_row_inner][\/vc_column][\/vc_row][vc_row full_width=\u00a0\u00bbstretch_row_content_no_spaces\u00a0\u00bb equal_height=\u00a0\u00bbyes\u00a0\u00bb disable_element=\u00a0\u00bbyes\u00a0\u00bb][vc_column width=\u00a0\u00bb1\/2&Prime; css=\u00a0\u00bb.vc_custom_1583509388721{padding-top: 100px !important;padding-right: 60px !important;padding-bottom: 100px !important;padding-left: 60px !important;background-color: #414042 !important;}\u00a0\u00bb el_class=\u00a0\u00bbwhite_text center\u00a0\u00bb]<h2 class=\"boc_heading  center  \"  style=\"margin-bottom: 40px;margin-top: 0px;color: #fefefe;\"><span>ZCfabrica e il design Giovanni Garrone 2010<\/span><\/h2><div class=\"boc_divider_holder\"><div class=\"boc_divider  \"  style=\"margin-top: 40px;margin-bottom: 40px;width: 60px;margin-left: auto; margin-right: auto;height: 1px;background: rgba(238,238,238,0.5);\"><\/div><\/div>[vc_column_text]Coniugando le linee e le forme della tradizione industriale con le pi\u00f9 innovative conoscenze tecnologiche, il design dell\u2019architetto Giovanni Garrone si sviluppa con gli articoli <strong>della collezione ZC Fabrica<\/strong> di ZC Rubinetterie.<\/p>\n<p>Tutti i prodotti della collezione sono disponibili sia con maniglia in finitura rossa o blu sia con leva.[\/vc_column_text][\/vc_column][vc_column width=\u00a0\u00bb1\/2&Prime; css=\u00a0\u00bb.vc_custom_1587704113113{padding-top: 100px !important;padding-bottom: 100px !important;background-image: url(https:\/\/www.zanettichini.it\/wp-content\/uploads\/2020\/04\/bg-linea-zcfabrica.jpg?id=1169) !important;background-position: center !important;background-repeat: no-repeat !important;background-size: cover !important;}\u00a0\u00bb][\/vc_column][\/vc_row][vc_row full_width=\u00a0\u00bbstretch_row\u00a0\u00bb disable_element=\u00a0\u00bbyes\u00a0\u00bb css=\u00a0\u00bb.vc_custom_1604419840962{margin-bottom: 0px !important;padding-top: 60px !important;padding-bottom: 60px !important;}\u00a0\u00bb][vc_column][vc_row_inner][vc_column_inner]<div class=\"img_carousel_holder  owl_side_arrows\">\t<div class=\"img_carousel mfp_gallery\" id=\"img_carousel_8931\" style=\"opacity:0;\"><div class=\"img_carousel_item boc_owl_lazy\">\t<div class=\"pic \">\n\t\t\t\t\t\t\t\t<a href=\"https:\/\/www.zanettichini.it\/wp-content\/uploads\/2020\/05\/slider-zcfabbrica-01.jpg\" class=\"mfp_popup_gal\"  target=\"_self\">\n\t\t\t\t\t\t\t\t\t<img decoding=\"async\" src=\"https:\/\/www.zanettichini.it\/wp-content\/uploads\/2020\/05\/slider-zcfabbrica-01.jpg\" alt=\"\" \/>\n\t\t\t\t\t\t\t\t<\/a>\n\t\t\t\t\t\t\t<\/div>\n\t\t\t\t\t\t<\/div><div class=\"img_carousel_item boc_owl_lazy\">\t<div class=\"pic \">\n\t\t\t\t\t\t\t\t<a href=\"https:\/\/www.zanettichini.it\/wp-content\/uploads\/2020\/05\/slider-zcfabbrica-02.jpg\" class=\"mfp_popup_gal\"  target=\"_self\">\n\t\t\t\t\t\t\t\t\t<img decoding=\"async\" src=\"https:\/\/www.zanettichini.it\/wp-content\/uploads\/2020\/05\/slider-zcfabbrica-02.jpg\" alt=\"\" \/>\n\t\t\t\t\t\t\t\t<\/a>\n\t\t\t\t\t\t\t<\/div>\n\t\t\t\t\t\t<\/div><div class=\"img_carousel_item boc_owl_lazy\">\t<div class=\"pic \">\n\t\t\t\t\t\t\t\t<a href=\"https:\/\/www.zanettichini.it\/wp-content\/uploads\/2020\/05\/slider-zcfabbrica-03.jpg\" class=\"mfp_popup_gal\"  target=\"_self\">\n\t\t\t\t\t\t\t\t\t<img decoding=\"async\" src=\"https:\/\/www.zanettichini.it\/wp-content\/uploads\/2020\/05\/slider-zcfabbrica-03.jpg\" alt=\"\" \/>\n\t\t\t\t\t\t\t\t<\/a>\n\t\t\t\t\t\t\t<\/div>\n\t\t\t\t\t\t<\/div><div class=\"img_carousel_item boc_owl_lazy\">\t<div class=\"pic \">\n\t\t\t\t\t\t\t\t<a href=\"https:\/\/www.zanettichini.it\/wp-content\/uploads\/2020\/05\/slider-zcfabbrica-04.jpg\" class=\"mfp_popup_gal\"  target=\"_self\">\n\t\t\t\t\t\t\t\t\t<img decoding=\"async\" src=\"https:\/\/www.zanettichini.it\/wp-content\/uploads\/2020\/05\/slider-zcfabbrica-04.jpg\" alt=\"\" \/>\n\t\t\t\t\t\t\t\t<\/a>\n\t\t\t\t\t\t\t<\/div>\n\t\t\t\t\t\t<\/div><div class=\"img_carousel_item boc_owl_lazy\">\t<div class=\"pic \">\n\t\t\t\t\t\t\t\t<a href=\"https:\/\/www.zanettichini.it\/wp-content\/uploads\/2020\/05\/slider-zcfabbrica-05.jpg\" class=\"mfp_popup_gal\"  target=\"_self\">\n\t\t\t\t\t\t\t\t\t<img decoding=\"async\" src=\"https:\/\/www.zanettichini.it\/wp-content\/uploads\/2020\/05\/slider-zcfabbrica-05.jpg\" alt=\"\" \/>\n\t\t\t\t\t\t\t\t<\/a>\n\t\t\t\t\t\t\t<\/div>\n\t\t\t\t\t\t<\/div><div class=\"img_carousel_item boc_owl_lazy\">\t<div class=\"pic \">\n\t\t\t\t\t\t\t\t<a href=\"https:\/\/www.zanettichini.it\/wp-content\/uploads\/2020\/05\/slider-zcfabbrica-06.jpg\" class=\"mfp_popup_gal\"  target=\"_self\">\n\t\t\t\t\t\t\t\t\t<img decoding=\"async\" src=\"https:\/\/www.zanettichini.it\/wp-content\/uploads\/2020\/05\/slider-zcfabbrica-06.jpg\" alt=\"\" \/>\n\t\t\t\t\t\t\t\t<\/a>\n\t\t\t\t\t\t\t<\/div>\n\t\t\t\t\t\t<\/div><div class=\"img_carousel_item boc_owl_lazy\">\t<div class=\"pic \">\n\t\t\t\t\t\t\t\t<a href=\"https:\/\/www.zanettichini.it\/wp-content\/uploads\/2020\/09\/Fabrica13.jpg\" class=\"mfp_popup_gal\"  target=\"_self\">\n\t\t\t\t\t\t\t\t\t<img decoding=\"async\" src=\"https:\/\/www.zanettichini.it\/wp-content\/uploads\/2020\/09\/Fabrica13.jpg\" alt=\"\" \/>\n\t\t\t\t\t\t\t\t<\/a>\n\t\t\t\t\t\t\t<\/div>\n\t\t\t\t\t\t<\/div><div class=\"img_carousel_item boc_owl_lazy\">\t<div class=\"pic \">\n\t\t\t\t\t\t\t\t<a href=\"https:\/\/www.zanettichini.it\/wp-content\/uploads\/2020\/09\/Fabrica12.jpg\" class=\"mfp_popup_gal\"  target=\"_self\">\n\t\t\t\t\t\t\t\t\t<img decoding=\"async\" src=\"https:\/\/www.zanettichini.it\/wp-content\/uploads\/2020\/09\/Fabrica12.jpg\" alt=\"\" \/>\n\t\t\t\t\t\t\t\t<\/a>\n\t\t\t\t\t\t\t<\/div>\n\t\t\t\t\t\t<\/div><div class=\"img_carousel_item boc_owl_lazy\">\t<div class=\"pic \">\n\t\t\t\t\t\t\t\t<a href=\"https:\/\/www.zanettichini.it\/wp-content\/uploads\/2020\/09\/Fabrica11.jpg\" class=\"mfp_popup_gal\"  target=\"_self\">\n\t\t\t\t\t\t\t\t\t<img decoding=\"async\" src=\"https:\/\/www.zanettichini.it\/wp-content\/uploads\/2020\/09\/Fabrica11.jpg\" alt=\"\" \/>\n\t\t\t\t\t\t\t\t<\/a>\n\t\t\t\t\t\t\t<\/div>\n\t\t\t\t\t\t<\/div><div class=\"img_carousel_item boc_owl_lazy\">\t<div class=\"pic \">\n\t\t\t\t\t\t\t\t<a href=\"https:\/\/www.zanettichini.it\/wp-content\/uploads\/2020\/09\/Fabrica10.jpg\" class=\"mfp_popup_gal\"  target=\"_self\">\n\t\t\t\t\t\t\t\t\t<img decoding=\"async\" src=\"https:\/\/www.zanettichini.it\/wp-content\/uploads\/2020\/09\/Fabrica10.jpg\" alt=\"\" \/>\n\t\t\t\t\t\t\t\t<\/a>\n\t\t\t\t\t\t\t<\/div>\n\t\t\t\t\t\t<\/div><div class=\"img_carousel_item boc_owl_lazy\">\t<div class=\"pic \">\n\t\t\t\t\t\t\t\t<a href=\"https:\/\/www.zanettichini.it\/wp-content\/uploads\/2020\/09\/Fabrica8.jpg\" class=\"mfp_popup_gal\"  target=\"_self\">\n\t\t\t\t\t\t\t\t\t<img decoding=\"async\" src=\"https:\/\/www.zanettichini.it\/wp-content\/uploads\/2020\/09\/Fabrica8.jpg\" alt=\"\" \/>\n\t\t\t\t\t\t\t\t<\/a>\n\t\t\t\t\t\t\t<\/div>\n\t\t\t\t\t\t<\/div><div class=\"img_carousel_item boc_owl_lazy\">\t<div class=\"pic \">\n\t\t\t\t\t\t\t\t<a href=\"https:\/\/www.zanettichini.it\/wp-content\/uploads\/2020\/09\/Fabrica7.jpg\" class=\"mfp_popup_gal\"  target=\"_self\">\n\t\t\t\t\t\t\t\t\t<img decoding=\"async\" src=\"https:\/\/www.zanettichini.it\/wp-content\/uploads\/2020\/09\/Fabrica7.jpg\" alt=\"\" \/>\n\t\t\t\t\t\t\t\t<\/a>\n\t\t\t\t\t\t\t<\/div>\n\t\t\t\t\t\t<\/div><div class=\"img_carousel_item boc_owl_lazy\">\t<div class=\"pic \">\n\t\t\t\t\t\t\t\t<a href=\"https:\/\/www.zanettichini.it\/wp-content\/uploads\/2020\/09\/Fabrica6.jpg\" class=\"mfp_popup_gal\"  target=\"_self\">\n\t\t\t\t\t\t\t\t\t<img decoding=\"async\" src=\"https:\/\/www.zanettichini.it\/wp-content\/uploads\/2020\/09\/Fabrica6.jpg\" alt=\"\" \/>\n\t\t\t\t\t\t\t\t<\/a>\n\t\t\t\t\t\t\t<\/div>\n\t\t\t\t\t\t<\/div><div class=\"img_carousel_item boc_owl_lazy\">\t<div class=\"pic \">\n\t\t\t\t\t\t\t\t<a href=\"https:\/\/www.zanettichini.it\/wp-content\/uploads\/2020\/09\/Fabrica.jpg\" class=\"mfp_popup_gal\"  target=\"_self\">\n\t\t\t\t\t\t\t\t\t<img decoding=\"async\" src=\"https:\/\/www.zanettichini.it\/wp-content\/uploads\/2020\/09\/Fabrica.jpg\" alt=\"\" \/>\n\t\t\t\t\t\t\t\t<\/a>\n\t\t\t\t\t\t\t<\/div>\n\t\t\t\t\t\t<\/div><div class=\"img_carousel_item boc_owl_lazy\">\t<div class=\"pic \">\n\t\t\t\t\t\t\t\t<a href=\"https:\/\/www.zanettichini.it\/wp-content\/uploads\/2020\/09\/Fabrica2.jpg\" class=\"mfp_popup_gal\"  target=\"_self\">\n\t\t\t\t\t\t\t\t\t<img decoding=\"async\" src=\"https:\/\/www.zanettichini.it\/wp-content\/uploads\/2020\/09\/Fabrica2.jpg\" alt=\"\" \/>\n\t\t\t\t\t\t\t\t<\/a>\n\t\t\t\t\t\t\t<\/div>\n\t\t\t\t\t\t<\/div><div class=\"img_carousel_item boc_owl_lazy\">\t<div class=\"pic \">\n\t\t\t\t\t\t\t\t<a href=\"https:\/\/www.zanettichini.it\/wp-content\/uploads\/2020\/09\/Fabrica3.jpg\" class=\"mfp_popup_gal\"  target=\"_self\">\n\t\t\t\t\t\t\t\t\t<img decoding=\"async\" src=\"https:\/\/www.zanettichini.it\/wp-content\/uploads\/2020\/09\/Fabrica3.jpg\" alt=\"\" \/>\n\t\t\t\t\t\t\t\t<\/a>\n\t\t\t\t\t\t\t<\/div>\n\t\t\t\t\t\t<\/div><div class=\"img_carousel_item boc_owl_lazy\">\t<div class=\"pic \">\n\t\t\t\t\t\t\t\t<a href=\"https:\/\/www.zanettichini.it\/wp-content\/uploads\/2020\/09\/Fabrica4.jpg\" class=\"mfp_popup_gal\"  target=\"_self\">\n\t\t\t\t\t\t\t\t\t<img decoding=\"async\" src=\"https:\/\/www.zanettichini.it\/wp-content\/uploads\/2020\/09\/Fabrica4.jpg\" alt=\"\" \/>\n\t\t\t\t\t\t\t\t<\/a>\n\t\t\t\t\t\t\t<\/div>\n\t\t\t\t\t\t<\/div><div class=\"img_carousel_item boc_owl_lazy\">\t<div class=\"pic \">\n\t\t\t\t\t\t\t\t<a href=\"https:\/\/www.zanettichini.it\/wp-content\/uploads\/2020\/09\/Fabrica5.jpg\" class=\"mfp_popup_gal\"  target=\"_self\">\n\t\t\t\t\t\t\t\t\t<img decoding=\"async\" src=\"https:\/\/www.zanettichini.it\/wp-content\/uploads\/2020\/09\/Fabrica5.jpg\" alt=\"\" \/>\n\t\t\t\t\t\t\t\t<\/a>\n\t\t\t\t\t\t\t<\/div>\n\t\t\t\t\t\t<\/div><\/div>\n\t\t\t\t <\/div>\n\t\t\t\t\t<!-- Image Slider -->\n\t\t\t\t\t<script type=\"text\/javascript\">\n\n\t\t\t\t\t\tjQuery(document).ready(function($) {\n\t\t\t\t\t\t\t\n\t\t\t\t\t\t\tvar carousel = jQuery(\"#img_carousel_8931\");\n\t\t\t\t\t\t\t\n\t\t\t\t\t\t\tvar args = {\n\t\t\t\t\t\t\t\t\titems: \t\t\t\t3,\n\t\t\t\t\t\t\t\t\tslideBy: \t\t\t1,\t\t\t\t\t\t\n\t\t\t\t\t\t\t\t\tautoplay:\t\t\ttrue,\n\t\t\t\t\t\t\t\t\tautoplayTimeout:\t6000,\n\t\t\t\t\t\t\t\t\tnav: \t\t\t\ttrue,\n\t\t\t\t\t\t\t\t\tdots: \t\t\t\tfalse,\n\t\t\t\t\t\t\t\t\tloop: \t\t\t\ttrue,\n\t\t\t\t\t\t\t\t\tsmartSpeed:\t\t\t250,\n\t\t\t\t\t\t\t\t\tnavText:\t\t\t[\"<span class='icon  icon-angle-left-circle'><\/span>\",\"<span class='icon icon-angle-right-circle'><\/span>\"],\n\t\t\t\t\t\t\t\t\tnavRewind: \t\t\tfalse,\n\t\t\t\t\t\t\t\t\trtl : \t\t\t\tfalse,\n\t\t\t\t\t\t\t\t\tmargin: \t\t\t25,\n\t\t\t\t\t\t\t\t\tresponsive:{\n\t\t\t\t\t\t\t\t\t\t0:{\n\t\t\t\t\t\t\t\t\t\t  items:1,\n\t\t\t\t\t\t\t\t\t\t},\n\t\t\t\t\t\t\t\t\t\t480:{\n\t\t\t\t\t\t\t\t\t\t  items:1,\n\t\t\t\t\t\t\t\t\t\t  margin:20,\n\t\t\t\t\t\t\t\t\t\t},\n\t\t\t\t\t\t\t\t\t\t769:{\n\t\t\t\t\t\t\t\t\t\t  items:3\n\t\t\t\t\t\t\t\t\t\t}\n\t\t\t\t\t\t\t\t\t},\n\t\t\t\t\t\t\t\t\tonInitialized: showCarousel_8931\n\t\t\t\t\t\t\t};\n\t\t\t\t\t\t\t\n\t\t\t\t\t\t\tcarousel.owlCarousel(args);\n\n\t\t\t\t\t\t\tvar initital_width = carousel.css(\"width\");\t\t\n\t\t\t\t\t\t\t\t\n\t\t\t\t\t\t\t\/* Refresh it for full width rows *\/\n\t\t\t\t\t\t\t$(window).load(function(){\n\t\t\t\t\t\t\t\tif(carousel.css(\"width\") != initital_width) {\n\t\t\t\t\t\t\t\t\tcarousel.trigger(\"destroy.owl.carousel\").removeClass(\"owl-carousel owl-loaded\");\n\t\t\t\t\t\t\t\t\tcarousel.find(\".owl-stage-outer\").children().unwrap();\n\t\t\t\t\t\t\t\t\tcarousel.owlCarousel(args);\n\t\t\t\t\t\t\t\t}\n\t\t\t\t\t\t\t});\n\t\t\t\t\t\t\t\n\t\t\t\t\t\t\t\/* Show once loaded *\/\n\t\t\t\t\t\t\tfunction showCarousel_8931() {\n\t\t\t\t\t\t\t\tcarousel.fadeTo(0,1);\n\t\t\t\t\t\t\t\t$(\"#img_carousel_8931 .owl-item .boc_owl_lazy\").css(\"opacity\",\"1\");\n\t\t\t\t\t\t\t}\n\t\t\t\t\t\t});\n\t\t\t\t\t\t\n\t\t\t\t\t<\/script>\n\t\t\t\t\t<!-- Image Slider :: END -->[\/vc_column_inner][\/vc_row_inner]<h2 class=\"boc_heading  center  \"  style=\"margin-bottom: 40px;margin-top: 0px;color: #333333;\"><span>Gallery<\/span><\/h2>[\/vc_column][\/vc_row]<\/p>\n<\/div>","protected":false},"excerpt":{"rendered":"<p>[vc_row full_width=\u00a0\u00bbstretch_row\u00a0\u00bb bg_type=\u00a0\u00bbimage\u00a0\u00bb bg_image_new=\u00a0\u00bb2835&Prime; bg_image_repeat=\u00a0\u00bbno-repeat\u00a0\u00bb enable_overlay=\u00a0\u00bbenable_overlay_value\u00a0\u00bb overlay_color=\u00a0\u00bbrgba(0,0,0,0.5)\u00a0\u00bb css=\u00a0\u00bb.vc_custom_1603790717958{margin-bottom: 0px !important;padding-top: 200px !important;padding-bottom: 150px !important;}\u00a0\u00bb][vc_column][\/vc_column][\/vc_row][vc_row full_width=\u00a0\u00bbstretch_row\u00a0\u00bb css=\u00a0\u00bb.vc_custom_1587662468667{margin-bottom: 0px !important;padding-top: 60px !important;padding-bottom: 60px !important;}\u00a0\u00bb][vc_column][vc_row_inner][vc_column_inner][\/vc_column_inner][\/vc_row_inner][\/vc_column][\/vc_row][vc_row full_width=\u00a0\u00bbstretch_row_content_no_spaces\u00a0\u00bb equal_height=\u00a0\u00bbyes\u00a0\u00bb disable_element=\u00a0\u00bbyes\u00a0\u00bb][vc_column width=\u00a0\u00bb1\/2&Prime; css=\u00a0\u00bb.vc_custom_1583509388721{padding-top: 100px !important;padding-right: 60px !important;padding-bottom: 100px !important;padding-left: 60px !important;background-color: #414042 !important;}\u00a0\u00bb el_class=\u00a0\u00bbwhite_text center\u00a0\u00bb][vc_column_text]Coniugando le linee e le forme della tradizione industriale con le pi\u00f9 innovative conoscenze tecnologiche, il design dell\u2019architetto Giovanni Garrone si sviluppa<\/p>\n<div class=\"h10\"><\/div>\n<p><a class=\"more-link2 flat\" href=\"https:\/\/www.zanettichini.it\/fr\/accessori\/\">Read more<\/a><\/p>\n","protected":false},"author":5,"featured_media":0,"parent":0,"menu_order":7,"comment_status":"closed","ping_status":"closed","template":"","meta":{"_acf_changed":false,"footnotes":""},"class_list":["post-15948","page","type-page","status-publish","hentry"],"acf":[],"aioseo_notices":[],"_links":{"self":[{"href":"https:\/\/www.zanettichini.it\/fr\/wp-json\/wp\/v2\/pages\/15948","targetHints":{"allow":["GET"]}}],"collection":[{"href":"https:\/\/www.zanettichini.it\/fr\/wp-json\/wp\/v2\/pages"}],"about":[{"href":"https:\/\/www.zanettichini.it\/fr\/wp-json\/wp\/v2\/types\/page"}],"author":[{"embeddable":true,"href":"https:\/\/www.zanettichini.it\/fr\/wp-json\/wp\/v2\/users\/5"}],"replies":[{"embeddable":true,"href":"https:\/\/www.zanettichini.it\/fr\/wp-json\/wp\/v2\/comments?post=15948"}],"version-history":[{"count":2,"href":"https:\/\/www.zanettichini.it\/fr\/wp-json\/wp\/v2\/pages\/15948\/revisions"}],"predecessor-version":[{"id":34069,"href":"https:\/\/www.zanettichini.it\/fr\/wp-json\/wp\/v2\/pages\/15948\/revisions\/34069"}],"wp:attachment":[{"href":"https:\/\/www.zanettichini.it\/fr\/wp-json\/wp\/v2\/media?parent=15948"}],"curies":[{"name":"wp","href":"https:\/\/api.w.org\/{rel}","templated":true}]}}