{"id":15970,"date":"2018-11-19T10:34:58","date_gmt":"2018-11-19T09:34:58","guid":{"rendered":"https:\/\/www.zanettichini.it\/homepage\/"},"modified":"2023-05-25T17:42:39","modified_gmt":"2023-05-25T15:42:39","slug":"homepage","status":"publish","type":"page","link":"https:\/\/www.zanettichini.it\/fr\/","title":{"rendered":"Homepage"},"content":{"rendered":"<div class=\"wpb-content-wrapper\"><p>[vc_row full_width=\u00a0\u00bbstretch_row\u00a0\u00bb css=\u00a0\u00bb.vc_custom_1587659446490{margin-bottom: 0px !important;}\u00a0\u00bb][vc_column]\n\t\t\t<!-- START HP_new REVOLUTION SLIDER 6.7.21 --><p class=\"rs-p-wp-fix\"><\/p>\n\t\t\t<rs-module-wrap id=\"rev_slider_2_1_wrapper\" data-source=\"gallery\" style=\"visibility:hidden;background:transparent;padding:0;\">\n\t\t\t\t<rs-module id=\"rev_slider_2_1\" style=\"\" data-version=\"6.7.21\">\n\t\t\t\t\t<rs-slides style=\"overflow: hidden; position: absolute;\">\n\t\t\t\t\t\t<rs-slide style=\"position: absolute;\" data-key=\"rs-12\" data-title=\"Slide\" data-anim=\"ms:600;r:0;\" data-in=\"o:0;\" data-out=\"a:false;\">\n\t\t\t\t\t\t\t<img decoding=\"async\" src=\"\/\/www.zanettichini.it\/wp-content\/plugins\/revslider\/sr6\/assets\/assets\/dummy.png\" alt=\"\" title=\"header-1-new\" width=\"1680\" height=\"900\" class=\"rev-slidebg tp-rs-img rs-lazyload\" data-lazyload=\"\/\/www.zanettichini.it\/wp-content\/uploads\/2018\/11\/header-1-new.webp\" data-no-retina>\n<!--\n\t\t\t\t\t\t\t--><rs-layer\n\t\t\t\t\t\t\t\tid=\"slider-2-slide-12-layer-2\" \n\t\t\t\t\t\t\t\tdata-type=\"text\"\n\t\t\t\t\t\t\t\tdata-color=\"#ffffff\"\n\t\t\t\t\t\t\t\tdata-rsp_ch=\"on\"\n\t\t\t\t\t\t\t\tdata-xy=\"x:c;y:c;yo:-50px;\"\n\t\t\t\t\t\t\t\tdata-text=\"s:56;l:64;fw:600;a:center;\"\n\t\t\t\t\t\t\t\tdata-frame_1=\"sR:10;\"\n\t\t\t\t\t\t\t\tdata-frame_999=\"o:0;st:w;sR:8690;\"\n\t\t\t\t\t\t\t\tstyle=\"z-index:5;font-family:'Abhaya Libre';\"\n\t\t\t\t\t\t\t>L'eau est la mati\u00e8re de la vie.<br>C'est l'origine, la m\u00e8re et le medium.<br>Il n'y a pas de vie sans eau.<br>\n(Albert Szent-Gyorgyi) \n\t\t\t\t\t\t\t<\/rs-layer><!--\n-->\t\t\t\t\t<\/rs-slide>\n\t\t\t\t\t\t<rs-slide style=\"position: absolute;\" data-key=\"rs-14\" data-title=\"Slide\" data-anim=\"ms:600;r:0;\" data-in=\"o:0;\" data-out=\"a:false;\">\n\t\t\t\t\t\t\t<img decoding=\"async\" src=\"\/\/www.zanettichini.it\/wp-content\/plugins\/revslider\/sr6\/assets\/assets\/dummy.png\" alt=\"\" title=\"header-2-new\" width=\"1680\" height=\"900\" class=\"rev-slidebg tp-rs-img rs-lazyload\" data-lazyload=\"\/\/www.zanettichini.it\/wp-content\/uploads\/2018\/11\/header-2-new.webp\" data-no-retina>\n<!--\n\t\t\t\t\t\t\t--><rs-layer\n\t\t\t\t\t\t\t\tid=\"slider-2-slide-14-layer-2\" \n\t\t\t\t\t\t\t\tdata-type=\"text\"\n\t\t\t\t\t\t\t\tdata-color=\"#ffffff\"\n\t\t\t\t\t\t\t\tdata-rsp_ch=\"on\"\n\t\t\t\t\t\t\t\tdata-xy=\"x:c;y:c;yo:-50px;\"\n\t\t\t\t\t\t\t\tdata-text=\"s:56;l:64;fw:600;a:center;\"\n\t\t\t\t\t\t\t\tdata-frame_1=\"sR:10;\"\n\t\t\t\t\t\t\t\tdata-frame_999=\"o:0;st:w;sR:8690;\"\n\t\t\t\t\t\t\t\tstyle=\"z-index:5;font-family:'Abhaya Libre';\"\n\t\t\t\t\t\t\t>L'eau est la cause mat\u00e9rielle de toutes choses.<br>(Thal\u00e8s) \n\t\t\t\t\t\t\t<\/rs-layer><!--\n-->\t\t\t\t\t<\/rs-slide>\n\t\t\t\t\t\t<rs-slide style=\"position: absolute;\" data-key=\"rs-16\" data-title=\"Slide\" data-anim=\"ms:600;r:0;\" data-in=\"o:0;\" data-out=\"a:false;\">\n\t\t\t\t\t\t\t<img decoding=\"async\" src=\"\/\/www.zanettichini.it\/wp-content\/plugins\/revslider\/sr6\/assets\/assets\/dummy.png\" alt=\"\" title=\"header-3-new\" width=\"1680\" height=\"900\" class=\"rev-slidebg tp-rs-img rs-lazyload\" data-lazyload=\"\/\/www.zanettichini.it\/wp-content\/uploads\/2018\/11\/header-3-new.webp\" data-no-retina>\n<!--\n\t\t\t\t\t\t\t--><rs-layer\n\t\t\t\t\t\t\t\tid=\"slider-2-slide-16-layer-2\" \n\t\t\t\t\t\t\t\tdata-type=\"text\"\n\t\t\t\t\t\t\t\tdata-color=\"#ffffff\"\n\t\t\t\t\t\t\t\tdata-rsp_ch=\"on\"\n\t\t\t\t\t\t\t\tdata-xy=\"x:c;y:c;yo:-50px;\"\n\t\t\t\t\t\t\t\tdata-text=\"s:56;l:64;fw:600;a:center;\"\n\t\t\t\t\t\t\t\tdata-frame_1=\"sR:10;\"\n\t\t\t\t\t\t\t\tdata-frame_999=\"o:0;st:w;sR:8690;\"\n\t\t\t\t\t\t\t\tstyle=\"z-index:5;font-family:'Abhaya Libre';\"\n\t\t\t\t\t\t\t>Plus il y aura de gouttes d\u2019eau propre,<br>plus le monde brillera de beaut\u00e9.<br>\n(M\u00e8re Teresa de Calcutta) \n\t\t\t\t\t\t\t<\/rs-layer><!--\n-->\t\t\t\t\t<\/rs-slide>\n\t\t\t\t\t\t<rs-slide style=\"position: absolute;\" data-key=\"rs-18\" data-title=\"Slide\" data-anim=\"ms:600;r:0;\" data-in=\"o:0;\" data-out=\"a:false;\">\n\t\t\t\t\t\t\t<img decoding=\"async\" src=\"\/\/www.zanettichini.it\/wp-content\/plugins\/revslider\/sr6\/assets\/assets\/dummy.png\" alt=\"\" title=\"header-4-new\" width=\"1680\" height=\"900\" class=\"rev-slidebg tp-rs-img rs-lazyload\" data-lazyload=\"\/\/www.zanettichini.it\/wp-content\/uploads\/2018\/11\/header-4-new.webp\" data-no-retina>\n<!--\n\t\t\t\t\t\t\t--><rs-layer\n\t\t\t\t\t\t\t\tid=\"slider-2-slide-18-layer-2\" \n\t\t\t\t\t\t\t\tdata-type=\"text\"\n\t\t\t\t\t\t\t\tdata-color=\"#ffffff\"\n\t\t\t\t\t\t\t\tdata-rsp_ch=\"on\"\n\t\t\t\t\t\t\t\tdata-xy=\"x:c;y:c;yo:-50px;\"\n\t\t\t\t\t\t\t\tdata-text=\"s:56;l:64;fw:600;a:center;\"\n\t\t\t\t\t\t\t\tdata-frame_1=\"sR:10;\"\n\t\t\t\t\t\t\t\tdata-frame_999=\"o:0;st:w;sR:8690;\"\n\t\t\t\t\t\t\t\tstyle=\"z-index:5;font-family:'Abhaya Libre';\"\n\t\t\t\t\t\t\t>La richesse ressemble \u00e0 l'eau de mer:<br>plus on en boit et plus on a soif.<br>\n(Arthur Schopenhauer) \n\t\t\t\t\t\t\t<\/rs-layer><!--\n-->\t\t\t\t\t<\/rs-slide>\n\t\t\t\t\t<\/rs-slides>\n\t\t\t\t<\/rs-module>\n\t\t\t\t<script>\n\t\t\t\t\tsetREVStartSize({c: 'rev_slider_2_1',rl:[1240,1024,778,480],el:[650],gw:[1240],gh:[650],type:'standard',justify:'',layout:'fullscreen',offsetContainer:'',offset:'',mh:\"0\"});if (window.RS_MODULES!==undefined && window.RS_MODULES.modules!==undefined && window.RS_MODULES.modules[\"revslider21\"]!==undefined) {window.RS_MODULES.modules[\"revslider21\"].once = false;window.revapi2 = undefined;if (window.RS_MODULES.checkMinimal!==undefined) window.RS_MODULES.checkMinimal()}\n\t\t\t\t<\/script>\n\t\t\t<\/rs-module-wrap>\n\t\t\t<!-- END REVOLUTION SLIDER -->\n[\/vc_column][\/vc_row][vc_row][vc_column css=\u00a0\u00bb.vc_custom_1583503619806{margin-top: -80px !important;}\u00a0\u00bb][vc_row_inner equal_height=\u00a0\u00bbyes\u00a0\u00bb content_placement=\u00a0\u00bbmiddle\u00a0\u00bb][vc_column_inner el_class=\u00a0\u00bbwhite_text\u00a0\u00bb width=\u00a0\u00bb1\/3&Prime; css=\u00a0\u00bb.vc_custom_1600854323186{padding-top: 150px !important;padding-right: 40px !important;padding-bottom: 150px !important;padding-left: 40px !important;background-color: #414042 !important;}\u00a0\u00bb]<h2 class=\"boc_heading  al_left  \"  style=\"margin-bottom: 20px;margin-top: 0px;color: #f4f4f4;font-size: 38px;\"><span> Robinets depuis 1959<\/span><\/h2>[vc_column_text]Une histoire de passion italienne, soin des d\u00e9tails, travail artisanal.[\/vc_column_text]<div class=\"boc_spacing \" style=\"height: 20px\"><\/div><a\thref=\"\/fr\/chi-siamo\/\" \n\t\t\t\tclass=\"button btn_medium_stretched btn_white btn_rounded btn_outline    \"  target='_self'><span>En savoir plus<\/span><\/a>[\/vc_column_inner][vc_column_inner width=\u00a0\u00bb2\/3&Prime; css=\u00a0\u00bb.vc_custom_1600854309962{padding-top: 300px !important;padding-bottom: 300px !important;background-image: url(https:\/\/www.zanettichini.it\/wp-content\/uploads\/2020\/03\/hp-rubinetterie.jpg?id=211) !important;background-position: center !important;background-repeat: no-repeat !important;background-size: cover !important;}\u00a0\u00bb][\/vc_column_inner][\/vc_row_inner][\/vc_column][\/vc_row][vc_row full_width=\u00a0\u00bbstretch_row\u00a0\u00bb css=\u00a0\u00bb.vc_custom_1583498578641{margin-bottom: 0px !important;padding-top: 60px !important;padding-bottom: 60px !important;}\u00a0\u00bb][vc_column][vc_row_inner equal_height=\u00a0\u00bbyes\u00a0\u00bb content_placement=\u00a0\u00bbmiddle\u00a0\u00bb gap=\u00a0\u00bb20&Prime;][vc_column_inner]<h2 class=\"boc_heading  al_left  \"  style=\"margin-bottom: 20px;margin-top: 0px;color: #5b5b5b;font-size: 32px;\"><span>Collection Salle de bains <\/span><\/h2><h3 class=\"boc_heading  al_left  \"  style=\"margin-bottom: 20px;margin-top: 0px;color: #333333;\"><span>Une collection \u00e0 l\u2019\u00e2me classique ou contemporaine donnera du caract\u00e8re \u00e0 votre salle de bains en la rendant unique et capable de conjuguer la tradition italienne, le design contemporain et la fonctionnalit\u00e9 du produit.<\/span><\/h3><a\thref=\"\/fr\/collezione-bagno\/\" \n\t\t\t\tclass=\"button btn_medium_stretched btn_dark btn_rounded btn_outline    \"  target='_self'><span>En savoir plus<\/span><\/a>[\/vc_column_inner][\/vc_row_inner][\/vc_column][\/vc_row][vc_row full_width=\u00a0\u00bbstretch_row_content_no_spaces\u00a0\u00bb][vc_column][vc_column_text]<div class=\"slide_center_mode_1 sl_center_mode\">\t\t\t\t<div class=\"single_slide\" style=\"background-image:url(https:\/\/www.zanettichini.it\/wp-content\/uploads\/2020\/10\/HP-bagno_1.jpg)\">\n\t\t\t\t\t<div class=\"single_slide_content\">\n\t\t\t\t\t\t<span class=\"single_slide_title\"><\/span>\n\t\t\t\t\t\t<span class=\"single_slide_text\"><\/span>\n\t\t\t\t\t\t<a class=\"single_slide_url\" href=\"\">En savoir plus<\/a>\n\t\t\t\t\t<\/div>\n\t\t\t\t<\/div>\n\t\t\t\t\t\t\t<div class=\"single_slide\" style=\"background-image:url(https:\/\/www.zanettichini.it\/wp-content\/uploads\/2020\/10\/HP-bagno_2.jpg)\">\n\t\t\t\t\t<div class=\"single_slide_content\">\n\t\t\t\t\t\t<span class=\"single_slide_title\"><\/span>\n\t\t\t\t\t\t<span class=\"single_slide_text\"><\/span>\n\t\t\t\t\t\t<a class=\"single_slide_url\" href=\"\">En savoir plus<\/a>\n\t\t\t\t\t<\/div>\n\t\t\t\t<\/div>\n\t\t\t\t\t\t\t<div class=\"single_slide\" style=\"background-image:url(https:\/\/www.zanettichini.it\/wp-content\/uploads\/2020\/10\/HP-bagno_3.jpg)\">\n\t\t\t\t\t<div class=\"single_slide_content\">\n\t\t\t\t\t\t<span class=\"single_slide_title\"><\/span>\n\t\t\t\t\t\t<span class=\"single_slide_text\"><\/span>\n\t\t\t\t\t\t<a class=\"single_slide_url\" href=\"\">En savoir plus<\/a>\n\t\t\t\t\t<\/div>\n\t\t\t\t<\/div>\n\t\t\t<\/div>\t\t<script>\n\t\t\tjQuery(document).ready(function($){\n\t\t\t\t$('.slide_center_mode_1').slick({\n\t\t\t\t\tcenterMode: true,\n\t\t\t\t\tarrows: false,\n\t\t\t\t\tdots:false,\n\t\t\t\t\tcenterPadding: '23%',\n\t\t\t\t\tslidesToShow: 1,\n\t\t\t\t\tautoplay: false,\n\t\t\t\t\tloop: true,\n\t\t\t\t\tinitialSlide: 1,\n\t\t\t\t\tresponsive: [{\n\t\t\t\t\t\tbreakpoint: 768,\n\t\t\t\t\t\tsettings: {\n\t\t\t\t\t\t\tarrows: false,\n\t\t\t\t\t\t\tdots:false,\n\t\t\t\t\t\t\tcenterMode: true,\n\t\t\t\t\t\t\tcenterPadding: '15%',\n\t\t\t\t\t\t\tslidesToShow: 1\n\t\t\t\t\t\t}\n\t\t\t\t\t}]\n\t\t\t\t});\n\t\t\t});\n\t\t<\/script>\n[\/vc_column_text][\/vc_column][\/vc_row][vc_row full_width=\u00a0\u00bbstretch_row\u00a0\u00bb css=\u00a0\u00bb.vc_custom_1602501374891{margin-bottom: 0px !important;padding-top: 40px !important;}\u00a0\u00bb][vc_column][vc_column_text]<div class=\"slide_zc_fabrica\">\t\t\t\t<div class=\"zc_single_slide\" style=\"background-image:url(https:\/\/www.zanettichini.it\/wp-content\/uploads\/2020\/10\/head_zc_fabrica_01.jpg)\">\n\t\t\t\t\t<div class=\"zc_slide_title\">ZC Fabrica<\/div>\n\t\t\t\t\t<div class=\"zc_slide_text\">Le savoir-faire rencontre la modernisation des installations et l\u2019industrialisation des proc\u00e9d\u00e9s de production.<\/div>\n\t\t\t\t\t<div class=\"zc_slide_url\"><a href=\"\/fr\/zc-fabrica\">En savoir plus<\/a><\/div>\n\t\t\t\t<\/div>\n\t\t\t\t\t\t\t<div class=\"zc_single_slide\" style=\"background-image:url(https:\/\/www.zanettichini.it\/wp-content\/uploads\/2020\/10\/ZCFABRICA-HOME-PAGE-3_ed.jpg)\">\n\t\t\t\t\t<div class=\"zc_slide_title\">ZC Fabrica<\/div>\n\t\t\t\t\t<div class=\"zc_slide_text\">Le savoir-faire rencontre la modernisation des installations et l\u2019industrialisation des proc\u00e9d\u00e9s de production.<\/div>\n\t\t\t\t\t<div class=\"zc_slide_url\"><a href=\"\/fr\/zc-fabrica\">En savoir plus<\/a><\/div>\n\t\t\t\t<\/div>\n\t\t\t\t\t\t\t<div class=\"zc_single_slide\" style=\"background-image:url(https:\/\/www.zanettichini.it\/wp-content\/uploads\/2020\/10\/head_zc_fabrica_03.jpg)\">\n\t\t\t\t\t<div class=\"zc_slide_title\">ZC Fabrica<\/div>\n\t\t\t\t\t<div class=\"zc_slide_text\">Le savoir-faire rencontre la modernisation des installations et l\u2019industrialisation des proc\u00e9d\u00e9s de production.<\/div>\n\t\t\t\t\t<div class=\"zc_slide_url\"><a href=\"\/fr\/zc-fabrica\">En savoir plus<\/a><\/div>\n\t\t\t\t<\/div>\n\t\t\t<\/div>\t\t<script>\n\t\t\tjQuery(document).ready(function($){\n\t\t\t\t$('.slide_zc_fabrica').slick({\n\t\t\t\t\tarrows: true,\n\t\t\t\t\tdots:true,\n\t\t\t\t\tslidesToShow: 1,\n\t\t\t\t\tautoplay: false,\n\t\t\t\t\tloop: true,\n\t\t\t\t\tresponsive: [{\n\t\t\t\t\t\tbreakpoint: 768,\n\t\t\t\t\t\tsettings: {\n\t\t\t\t\t\t\tarrows: false,\n\t\t\t\t\t\t\tdots:true,\n\t\t\t\t\t\t\tslidesToShow: 1\n\t\t\t\t\t\t}\n\t\t\t\t\t}]\n\t\t\t\t});\n\t\t\t});\n\t\t<\/script>\n[\/vc_column_text][\/vc_column][\/vc_row][vc_row full_width=\u00a0\u00bbstretch_row\u00a0\u00bb css=\u00a0\u00bb.vc_custom_1583498578641{margin-bottom: 0px !important;padding-top: 60px !important;padding-bottom: 60px !important;}\u00a0\u00bb][vc_column][vc_row_inner equal_height=\u00a0\u00bbyes\u00a0\u00bb content_placement=\u00a0\u00bbmiddle\u00a0\u00bb gap=\u00a0\u00bb20&Prime;][vc_column_inner]<h2 class=\"boc_heading  al_left  \"  style=\"margin-bottom: 20px;margin-top: 0px;color: #5b5b5b;font-size: 32px;\"><span>Collection Cuisine <\/span><\/h2><h3 class=\"boc_heading  al_left  \"  style=\"margin-bottom: 20px;margin-top: 0px;color: #333333;\"><span>Collection qui revoit les lignes de la tradition industrielle dans une dimension technologique de haute valeur. Les \u00e9l\u00e9ments formels qui caract\u00e9risent la collection expriment l\u2019intensit\u00e9 et l\u2019attention aux d\u00e9tails. <\/span><\/h3><a\thref=\"\/fr\/categoria\/collection-cuisine\/\" \n\t\t\t\tclass=\"button btn_medium_stretched btn_dark btn_rounded btn_outline    \"  target='_self'><span>En savoir plus<\/span><\/a>[\/vc_column_inner][\/vc_row_inner][\/vc_column][\/vc_row][vc_row full_width=\u00a0\u00bbstretch_row_content_no_spaces\u00a0\u00bb][vc_column][vc_column_text]<div class=\"slide_center_mode_2 sl_center_mode\">\t\t\t\t<div class=\"single_slide\" style=\"background-image:url(https:\/\/www.zanettichini.it\/wp-content\/uploads\/2020\/10\/Cucina2.jpg)\"><\/div>\n\t\t\t\t\t\t\t<div class=\"single_slide\" style=\"background-image:url(https:\/\/www.zanettichini.it\/wp-content\/uploads\/2020\/10\/Cucina.jpg)\"><\/div>\n\t\t\t\t\t\t\t<div class=\"single_slide\" style=\"background-image:url(https:\/\/www.zanettichini.it\/wp-content\/uploads\/2020\/10\/Cucina5.jpg)\"><\/div>\n\t\t\t<\/div>\t\t<script>\n\t\t\tjQuery(document).ready(function($){\n\t\t\t\t$('.slide_center_mode_2').slick({\n\t\t\t\t\tcenterMode: true,\n\t\t\t\t\tarrows: false,\n\t\t\t\t\tdots:false,\n\t\t\t\t\tcenterPadding: '23%',\n\t\t\t\t\tslidesToShow: 1,\n\t\t\t\t\tautoplay: false,\n\t\t\t\t\tloop: true,\n\t\t\t\t\tinitialSlide: 1,\n\t\t\t\t\tresponsive: [{\n\t\t\t\t\t\tbreakpoint: 768,\n\t\t\t\t\t\tsettings: {\n\t\t\t\t\t\t\tarrows: false,\n\t\t\t\t\t\t\tdots:false,\n\t\t\t\t\t\t\tcenterMode: true,\n\t\t\t\t\t\t\tcenterPadding: '15%',\n\t\t\t\t\t\t\tslidesToShow: 1\n\t\t\t\t\t\t}\n\t\t\t\t\t}]\n\t\t\t\t});\n\t\t\t});\n\t\t<\/script>\n[\/vc_column_text][\/vc_column][\/vc_row][vc_row full_width=\u00a0\u00bbstretch_row\u00a0\u00bb disable_element=\u00a0\u00bbyes\u00a0\u00bb css=\u00a0\u00bb.vc_custom_1605887940628{margin-bottom: 0px !important;border-top-width: 1px !important;padding-top: 80px !important;padding-bottom: 80px !important;border-top-color: #efefef !important;border-top-style: solid !important;}\u00a0\u00bb][vc_column]<h2 class=\"boc_heading  center  \"  style=\"margin-bottom: 20px;margin-top: 0px;color: #000000;font-size: 20px;\"><span> Nouvelles du blog<\/span><\/h2><div class=\"boc_divider_holder\"><div class=\"boc_divider  \"  style=\"margin-top: 20px;margin-bottom: 40px;width: 60px;margin-left: auto; margin-right: auto;height: 2px;background: #eeeeee;\"><\/div><\/div>[\/vc_column][\/vc_row][vc_row full_width=\u00a0\u00bbstretch_row_content_no_spaces\u00a0\u00bb disable_element=\u00a0\u00bbyes\u00a0\u00bb css=\u00a0\u00bb.vc_custom_1654792062979{margin-bottom: 0px !important;padding-top: 120px !important;padding-bottom: 120px !important;background-image: url(http:s\/\/www.zanettichini.it\/wp-content\/uploads\/2020\/09\/hp-showroom-vs2.jpg?id=1267) !important;background-position: center !important;background-repeat: no-repeat !important;background-size: cover !important;}\u00a0\u00bb][vc_column el_class=\u00a0\u00bbwhite_text center\u00a0\u00bb][vc_row_inner][vc_column_inner width=\u00a0\u00bb1\/4&Prime; offset=\u00a0\u00bbvc_hidden-sm vc_hidden-xs\u00a0\u00bb][\/vc_column_inner][vc_column_inner el_class=\u00a0\u00bbcenter white_text\u00a0\u00bb width=\u00a0\u00bb1\/2&Prime;]<h2 class=\"boc_heading  center  \"  style=\"margin-bottom: 0px;margin-top: 0px;color: #f4f4f4;\"><span>R10<\/span><\/h2><h2 class=\"boc_heading  center  \"  style=\"margin-bottom: 40px;margin-top: 0px;color: #f4f4f4;font-size: 32px;\"><span>VISITIER LE SHOWROOM DE MILAN<\/span><\/h2>[vc_column_text]<\/p>\n<p style=\"text-align: center;\">Entrez dans le showroom de ZC Rubinetterie et choisissez la collection classique, moderne ou contemporaine pour la salle de bains et la cuisine qui vous fera battre le c\u0153ur plus fort.<\/p>\n<p>[\/vc_column_text]<div class=\"boc_divider_holder\"><div class=\"boc_divider  \"  style=\"margin-top: 40px;margin-bottom: 40px;width: 60px;margin-left: auto; margin-right: auto;height: 1px;background: #d8d8d8;\"><\/div><\/div><a\thref=\"https:\/\/www.r10milano.com\" \n\t\t\t\tclass=\"button btn_medium_stretched btn_white btn_rounded btn_outline    \"  target='_blank'><span>En savoir plus<\/span><\/a>[\/vc_column_inner][vc_column_inner width=\u00a0\u00bb1\/4&Prime; offset=\u00a0\u00bbvc_hidden-sm vc_hidden-xs\u00a0\u00bb][\/vc_column_inner][\/vc_row_inner][\/vc_column][\/vc_row][vc_row full_width=\u00a0\u00bbstretch_row\u00a0\u00bb equal_height=\u00a0\u00bbyes\u00a0\u00bb content_placement=\u00a0\u00bbmiddle\u00a0\u00bb css=\u00a0\u00bb.vc_custom_1583498941772{margin-bottom: 0px !important;padding-top: 20px !important;padding-bottom: 20px !important;background-color: #414042 !important;}\u00a0\u00bb][vc_column el_class=\u00a0\u00bbwhite_text\u00a0\u00bb]<div class=\"text_box  box_no_bgr \"><div class=\"text_box_content with_button\"><h2>Contactez-nous pour plus d\u2019informations<\/h2>\n\t\t\t\t\t<p><\/p>\n\t\t\t\t<\/div><div class=\"btn_holder\"><a\thref=\"\/fr\/contatti\/\" \n\t\t\t\t\tclass=\"button  btn_medium_stretched btn_white btn_rounded btn_outline  \"  target='_self'><span>Contactez-nous<\/span><\/a><\/div><\/div>[\/vc_column][\/vc_row]<\/p>\n<\/div>","protected":false},"excerpt":{"rendered":"<p>[vc_row full_width=\u00a0\u00bbstretch_row\u00a0\u00bb css=\u00a0\u00bb.vc_custom_1587659446490{margin-bottom: 0px !important;}\u00a0\u00bb][vc_column][\/vc_column][\/vc_row][vc_row][vc_column css=\u00a0\u00bb.vc_custom_1583503619806{margin-top: -80px !important;}\u00a0\u00bb][vc_row_inner equal_height=\u00a0\u00bbyes\u00a0\u00bb content_placement=\u00a0\u00bbmiddle\u00a0\u00bb][vc_column_inner el_class=\u00a0\u00bbwhite_text\u00a0\u00bb width=\u00a0\u00bb1\/3&Prime; css=\u00a0\u00bb.vc_custom_1600854323186{padding-top: 150px !important;padding-right: 40px !important;padding-bottom: 150px !important;padding-left: 40px !important;background-color: #414042 !important;}\u00a0\u00bb][vc_column_text]Une histoire de passion italienne, soin des d\u00e9tails, travail artisanal.[\/vc_column_text][\/vc_column_inner][vc_column_inner width=\u00a0\u00bb2\/3&Prime; css=\u00a0\u00bb.vc_custom_1600854309962{padding-top: 300px !important;padding-bottom: 300px !important;background-image: url(https:\/\/www.zanettichini.it\/wp-content\/uploads\/2020\/03\/hp-rubinetterie.jpg?id=211) !important;background-position: center !important;background-repeat: no-repeat !important;background-size: cover !important;}\u00a0\u00bb][\/vc_column_inner][\/vc_row_inner][\/vc_column][\/vc_row][vc_row full_width=\u00a0\u00bbstretch_row\u00a0\u00bb css=\u00a0\u00bb.vc_custom_1583498578641{margin-bottom: 0px !important;padding-top: 60px !important;padding-bottom: 60px !important;}\u00a0\u00bb][vc_column][vc_row_inner equal_height=\u00a0\u00bbyes\u00a0\u00bb content_placement=\u00a0\u00bbmiddle\u00a0\u00bb gap=\u00a0\u00bb20&Prime;][vc_column_inner][\/vc_column_inner][\/vc_row_inner][\/vc_column][\/vc_row][vc_row full_width=\u00a0\u00bbstretch_row_content_no_spaces\u00a0\u00bb][vc_column][vc_column_text][\/vc_column_text][\/vc_column][\/vc_row][vc_row full_width=\u00a0\u00bbstretch_row\u00a0\u00bb css=\u00a0\u00bb.vc_custom_1602501374891{margin-bottom:<\/p>\n<div class=\"h10\"><\/div>\n<p><a class=\"more-link2 flat\" href=\"https:\/\/www.zanettichini.it\/fr\/\">Read more<\/a><\/p>\n","protected":false},"author":5,"featured_media":0,"parent":0,"menu_order":1,"comment_status":"closed","ping_status":"closed","template":"","meta":{"_acf_changed":false,"footnotes":""},"class_list":["post-15970","page","type-page","status-publish","hentry"],"acf":[],"aioseo_notices":[],"_links":{"self":[{"href":"https:\/\/www.zanettichini.it\/fr\/wp-json\/wp\/v2\/pages\/15970","targetHints":{"allow":["GET"]}}],"collection":[{"href":"https:\/\/www.zanettichini.it\/fr\/wp-json\/wp\/v2\/pages"}],"about":[{"href":"https:\/\/www.zanettichini.it\/fr\/wp-json\/wp\/v2\/types\/page"}],"author":[{"embeddable":true,"href":"https:\/\/www.zanettichini.it\/fr\/wp-json\/wp\/v2\/users\/5"}],"replies":[{"embeddable":true,"href":"https:\/\/www.zanettichini.it\/fr\/wp-json\/wp\/v2\/comments?post=15970"}],"version-history":[{"count":5,"href":"https:\/\/www.zanettichini.it\/fr\/wp-json\/wp\/v2\/pages\/15970\/revisions"}],"predecessor-version":[{"id":38522,"href":"https:\/\/www.zanettichini.it\/fr\/wp-json\/wp\/v2\/pages\/15970\/revisions\/38522"}],"wp:attachment":[{"href":"https:\/\/www.zanettichini.it\/fr\/wp-json\/wp\/v2\/media?parent=15970"}],"curies":[{"name":"wp","href":"https:\/\/api.w.org\/{rel}","templated":true}]}}