{"id":35385,"date":"2018-11-21T10:47:48","date_gmt":"2018-11-21T09:47:48","guid":{"rendered":"https:\/\/www.zanettichini.it\/cookie-policy\/"},"modified":"2020-11-24T09:09:19","modified_gmt":"2020-11-24T08:09:19","slug":"cookie-policy","status":"publish","type":"page","link":"https:\/\/www.zanettichini.it\/fr\/cookie-policy\/","title":{"rendered":"Cookie Policy"},"content":{"rendered":"<div class=\"wpb-content-wrapper\"><p>[vc_row][vc_column][vc_column_text]<strong>Politique en mati\u00e8re de Cookies<\/strong><\/p>\n<p><span style=\"font-weight: 400;\">Le cookie est un petit fichier texte (de quelques bytes) \u00e9chang\u00e9 entre un site internet et votre navigateur. Il est en principe utilis\u00e9 par l&rsquo;op\u00e9rateur du site pour m\u00e9moriser les informations n\u00e9cessaires pour am\u00e9liorer la navigation \u00e0 l&rsquo;int\u00e9rieur du site.<\/span><\/p>\n<p><span style=\"font-weight: 400;\">Nous tenons \u00e0 ce que vous soyez bien inform\u00e9 sur la mani\u00e8re dont nous utilisons ces technologies, et c&rsquo;est pourquoi nous vous expliquerons dans cette rubrique comment les cookies fonctionnent et quelles sont vos options quant \u00e0 leur utilisation.<\/span><\/p>\n<p><span style=\"font-weight: 400;\">Les typologies de cookies utilis\u00e9es sur ce site sont les suivantes:<\/span><\/p>\n<p><strong>Cookies de navigation<\/strong><\/p>\n<p><span style=\"font-weight: 400;\">Ces cookies permettent au site de fonctionner correctement et vous permettent de visualiser les contenus sur votre appareil, en reconnaissant la langue et le march\u00e9 du pays depuis lequel vous vous connectez. Si vous \u00eates un utilisateur inscrit, ils permettront de vous reconna\u00eetre et vous pourrez ainsi acc\u00e9der aux services offerts dans les rubriques d\u00e9di\u00e9es. Les cookies de navigation sont des cookies techniques et sont n\u00e9cessaires au bon fonctionnement du site.<\/span><\/p>\n<p><strong>Cookies fonctionnels<\/strong><\/p>\n<p><span style=\"font-weight: 400;\">Ce type de cookies permet au site de vous reconna\u00eetre \u00e0 chaque fois que vous acc\u00e9dez au site. Ils permettent d&rsquo;offrir un service meilleur et personnalis\u00e9 en se souvenant, par exemple, que l&rsquo;utilisateur ne veut plus voir la fen\u00eatre pop-up de capture d&rsquo;e-mail, que vous avez comment\u00e9 un blog ou un article, de la note que vous avez attribu\u00e9e \u00e0 un article, etc.<\/span><\/p>\n<p><span style=\"font-weight: 400;\">Les cookies fonctionnels ne sont pas indispensables au fonctionnement du site, mais ils am\u00e9liorent la qualit\u00e9 et l&rsquo;exp\u00e9rience de navigation.<\/span><\/p>\n<p><strong>Cookies analytiques<\/strong><\/p>\n<p><span style=\"font-weight: 400;\">Ces cookies sont utilis\u00e9s par Google Analytics et par le moteur de recherche interne pour\u00a0: collecter des donn\u00e9es de mani\u00e8re anonyme et globale ; produire des analyses statistiques sur les modalit\u00e9s de navigation des utilisateurs depuis leurs ordinateurs, ou encore sur le nombre de pages visit\u00e9es\u00a0; conna\u00eetre le nombre de clics effectu\u00e9s sur une page donn\u00e9e au cours de la navigation et \u00e9laborer des rapports sur les donn\u00e9es d\u00e9mographiques (comme le sexe, l&rsquo;\u00e2ge, les centres d&rsquo;int\u00e9r\u00eat).<\/span><\/p>\n<p><span style=\"font-weight: 400;\">Ils sont utilis\u00e9s pour collecter des donn\u00e9es sur la mani\u00e8re dont les visiteurs (pas seulement ceux qui sont inscrits) utilisent le site, nous permettant ainsi d&rsquo;en am\u00e9liorer l&rsquo;aspect et de rendre la navigation plus fluide.<\/span><\/p>\n<p><strong>Cookies sociaux<\/strong><\/p>\n<p><span style=\"font-weight: 400;\">Ces cookies sont n\u00e9cessaires pour permettre aux r\u00e9seaux sociaux d&rsquo;interagir avec notre site.<\/span><\/p>\n<p><span style=\"font-weight: 400;\">Ils servent par exemple \u00e0 vous permettre d&rsquo;exprimer votre avis et \u00e0 partager des contenus avec vos amis sur les r\u00e9seaux sociaux. Les cookies de r\u00e9seaux sociaux ne sont pas n\u00e9cessaires \u00e0 la navigation.<\/span><\/p>\n<p><span style=\"font-weight: 400;\">Pour plus d&rsquo;informations sur les politiques des r\u00e9seaux sociaux en mati\u00e8re de cookies, vous pouvez consulter leurs politiques de confidentialit\u00e9 et de cookies respectives:<\/span><\/p>\n<ul>\n<li style=\"font-weight: 400;\"><span style=\"font-weight: 400;\">Facebook<\/span><\/li>\n<li style=\"font-weight: 400;\"><span style=\"font-weight: 400;\">Instagram<\/span><\/li>\n<li style=\"font-weight: 400;\"><span style=\"font-weight: 400;\">Google +<\/span><\/li>\n<li style=\"font-weight: 400;\"><span style=\"font-weight: 400;\">LinkedIn<\/span><\/li>\n<li style=\"font-weight: 400;\"><span style=\"font-weight: 400;\">Twitter<\/span><\/li>\n<li style=\"font-weight: 400;\"><span style=\"font-weight: 400;\">\u2026<\/span><\/li>\n<\/ul>\n<p><strong>Cookies publicitaires<\/strong><\/p>\n<p><span style=\"font-weight: 400;\">Pour les annonces publicitaires sur notre site, nous faisons parfois appel \u00e0 des soci\u00e9t\u00e9s publicitaires ind\u00e9pendantes.<\/span><\/p>\n<p><span style=\"font-weight: 400;\">Ces soci\u00e9t\u00e9s peuvent reconna\u00eetre ou ins\u00e9rer un certain type de cookie dans votre ordinateur ou votre appareil portable. Ces cookies (appel\u00e9s cookies tierce partie) sont utilis\u00e9s pour vous envoyer les annonces publicitaires qui sont susceptibles de vous int\u00e9resser et de correspondre \u00e0 vos centres d&rsquo;int\u00e9r\u00eat. Ils sont \u00e9galement employ\u00e9s pour limiter la fr\u00e9quence \u00e0 laquelle une publicit\u00e9 vous est propos\u00e9e et ils aident \u00e0 mesurer l&rsquo;efficacit\u00e9 d&rsquo;une campagne publicitaire. Les cookies se souviennent que vous avez visit\u00e9 un site et cette information est partag\u00e9e avec d&rsquo;autres organisations, comme les groupes publicitaires.<\/span><\/p>\n<p><span style=\"font-weight: 400;\">Les fonctions de Google Analytics sont impl\u00e9ment\u00e9es en fonction de la publicit\u00e9 display (par exemple, remarketing, rapports sur les impressions du R\u00e9seau Display de Google, int\u00e9gration du DoubleClick Campaign Manager ou rapports sur les donn\u00e9es d\u00e9mographiques et sur les int\u00e9r\u00eats de Google Analytics ou de tiers).<\/span><\/p>\n<p><span style=\"font-weight: 400;\">En se rendant dans les \u00ab\u00a0Param\u00e8tres annonces\u00a0\u00bb, les visiteurs peuvent d\u00e9sactiver Google Analytics pour la publicit\u00e9 display et personnaliser les annonces pour le R\u00e9seau Display de Google.<\/span><\/p>\n<p><strong>Cookies de Google et tierce partie pour le marketing\/reciblage publicitaire<\/strong><\/p>\n<p><span style=\"font-weight: 400;\">Ces cookies sont utilis\u00e9s par des fournisseurs tiers qui vous permettent de visualiser des bandeaux publicitaires sur d&rsquo;autres sites affili\u00e9s, en vous montrant les derniers produits que vous avez regard\u00e9s sur le site. Pour cette activit\u00e9 de promotion, nous utilisons aussi bien des cookies propri\u00e9taires (comme les cookies de Google Analytics) que tierce partie.<\/span><\/p>\n<p><span style=\"font-weight: 400;\">Les cookies des \u00ab\u00a0tierces parties\u00a0\u00bb rel\u00e8vent enti\u00e8rement de la responsabilit\u00e9 de ces derni\u00e8res. Vous trouverez ci-dessous le nom des tiers qui les g\u00e8rent et, pour chacun d&rsquo;eux, le lien renvoyant vers la page sur laquelle vous pourrez trouver toutes les informations concernant le traitement des donn\u00e9es et exprimer votre consentement.<\/span><\/p>\n<p><strong>Options et gestion des cookies<\/strong><\/p>\n<p><span style=\"font-weight: 400;\">La plupart des navigateurs offrent par ailleurs la possibilit\u00e9 de g\u00e9rer les cookies de mani\u00e8re \u00e0 respecter les pr\u00e9f\u00e9rences des utilisateurs.<\/span><\/p>\n<p><span style=\"font-weight: 400;\">Voici les pages o\u00f9 vous trouverez plus de d\u00e9tails sur cette question pour ce qui est des principaux navigateurs:<\/span><\/p>\n<ul>\n<li style=\"font-weight: 400;\"><span style=\"font-weight: 400;\">Firefox<\/span><\/li>\n<li style=\"font-weight: 400;\"><span style=\"font-weight: 400;\">Internet Explorer<\/span><\/li>\n<li style=\"font-weight: 400;\"><span style=\"font-weight: 400;\">Chrome<\/span><\/li>\n<li style=\"font-weight: 400;\"><span style=\"font-weight: 400;\">Safari<\/span><\/li>\n<\/ul>\n<p><span style=\"font-weight: 400;\">Pour d\u00e9sactiver les cookies tierce partie, vous pouvez \u00e9galement visiter<\/span><\/p>\n<p><a href=\"http:\/\/www.aboutads.info\/choices\" target=\"_blank\" rel=\"noopener noreferrer\"><span style=\"font-weight: 400;\">http:\/\/www.aboutads.info\/choices<\/span><\/a><\/p>\n<p><span style=\"font-weight: 400;\">ou Your Online Choices \u00e0 l&rsquo;adresse <\/span><a href=\"http:\/\/www.youronlinechoices.com\/uk\/\" target=\"_blank\" rel=\"noopener noreferrer\"><span style=\"font-weight: 400;\">http:\/\/www.youronlinechoices.com\/uk\/<\/span><\/a><span style=\"font-weight: 400;\">.<\/span><\/p>\n<p><span style=\"font-weight: 400;\">Pour ne pas recevoir d&rsquo;annonces cibl\u00e9es sur un appareil mobile ou une tablette, nous vous invitons \u00e0 modifier les param\u00e8tres correspondants dans votre appareil (qui se trouvent g\u00e9n\u00e9ralement dans les param\u00e8tres relatifs \u00e0 la \u00ab\u00a0confidentialit\u00e9 \u00bb ou aux \u00ab\u00a0annonces publicitaires\u00a0\u00bb de votre appareil).<\/span><\/p>\n<p><span style=\"font-weight: 400;\">Vous continuerez \u00e0 voir des publicit\u00e9s sur votre appareil, mais elles ne seront pas personnalis\u00e9es en fonction de vos centres d&rsquo;int\u00e9r\u00eat.<\/span><\/p>\n<p><span style=\"font-weight: 400;\">Pour d\u00e9sactiver l&rsquo;utilisation de l&rsquo;ID de votre appareil mobile pour la publicit\u00e9 cibl\u00e9e, vous pouvez \u00e9galement consulter le site <\/span><a href=\"http:\/\/www.aboutads.info\/appchoices\" target=\"_blank\" rel=\"noopener noreferrer\"><span style=\"font-weight: 400;\">http:\/\/www.aboutads.info\/appchoices<\/span><\/a><span style=\"font-weight: 400;\">.<\/span>[\/vc_column_text][\/vc_column][\/vc_row]<\/p>\n<\/div>","protected":false},"excerpt":{"rendered":"<p>[vc_row][vc_column][vc_column_text]Politique en mati\u00e8re de Cookies Le cookie est un petit fichier texte (de quelques bytes) \u00e9chang\u00e9 entre un site internet et votre navigateur. Il est en principe utilis\u00e9 par l&rsquo;op\u00e9rateur du site pour m\u00e9moriser les informations n\u00e9cessaires pour am\u00e9liorer la navigation \u00e0 l&rsquo;int\u00e9rieur du site. Nous tenons \u00e0 ce que vous soyez bien inform\u00e9 sur la mani\u00e8re dont nous utilisons<\/p>\n<div class=\"h10\"><\/div>\n<p><a class=\"more-link2 flat\" href=\"https:\/\/www.zanettichini.it\/fr\/cookie-policy\/\">Read more<\/a><\/p>\n","protected":false},"author":5,"featured_media":0,"parent":0,"menu_order":0,"comment_status":"closed","ping_status":"closed","template":"","meta":{"_acf_changed":false,"footnotes":""},"class_list":["post-35385","page","type-page","status-publish","hentry"],"acf":[],"aioseo_notices":[],"_links":{"self":[{"href":"https:\/\/www.zanettichini.it\/fr\/wp-json\/wp\/v2\/pages\/35385","targetHints":{"allow":["GET"]}}],"collection":[{"href":"https:\/\/www.zanettichini.it\/fr\/wp-json\/wp\/v2\/pages"}],"about":[{"href":"https:\/\/www.zanettichini.it\/fr\/wp-json\/wp\/v2\/types\/page"}],"author":[{"embeddable":true,"href":"https:\/\/www.zanettichini.it\/fr\/wp-json\/wp\/v2\/users\/5"}],"replies":[{"embeddable":true,"href":"https:\/\/www.zanettichini.it\/fr\/wp-json\/wp\/v2\/comments?post=35385"}],"version-history":[{"count":2,"href":"https:\/\/www.zanettichini.it\/fr\/wp-json\/wp\/v2\/pages\/35385\/revisions"}],"predecessor-version":[{"id":35388,"href":"https:\/\/www.zanettichini.it\/fr\/wp-json\/wp\/v2\/pages\/35385\/revisions\/35388"}],"wp:attachment":[{"href":"https:\/\/www.zanettichini.it\/fr\/wp-json\/wp\/v2\/media?parent=35385"}],"curies":[{"name":"wp","href":"https:\/\/api.w.org\/{rel}","templated":true}]}}