{"id":35393,"date":"2018-11-21T10:47:16","date_gmt":"2018-11-21T09:47:16","guid":{"rendered":"https:\/\/www.zanettichini.it\/privacy-policy\/"},"modified":"2020-11-24T09:14:02","modified_gmt":"2020-11-24T08:14:02","slug":"privacy-policy","status":"publish","type":"page","link":"https:\/\/www.zanettichini.it\/fr\/privacy-policy\/","title":{"rendered":"Privacy Policy"},"content":{"rendered":"<div class=\"wpb-content-wrapper\"><p>[vc_row][vc_column][vc_column_text]<b>Politique de Confidentialit\u00e9 \u2013 www.zanettichini.it<\/b><\/p>\n<p><span style=\"font-weight: 400;\">Zanetti Chini Giuseppe e C sas, d\u00e9sormais Zanetti Chini, en sa qualit\u00e9 de Responsable du traitement, accorde une attention particuli\u00e8re \u00e0 la protection des donn\u00e9es personnelles des utilisateurs de son site www.zanettichini.it.<\/span><\/p>\n<p><span style=\"font-weight: 400;\">Nous vous invitons donc, avant de communiquer toute donn\u00e9e personnelle, \u00e0 lire attentivement cette Politique de Confidentialit\u00e9, car elle contient des informations importantes sur la protection de vos donn\u00e9es personnelles.<\/span><\/p>\n<p><span style=\"font-weight: 400;\">Cette Politique de Confidentialit\u00e9\u00a0:<\/span><\/p>\n<ul>\n<li style=\"font-weight: 400;\"><span style=\"font-weight: 400;\">est \u00e9tablie pour le site www.zanettichini.it, y compris les espaces d\u00e9di\u00e9s o\u00f9 l&rsquo;utilisateur peut librement et express\u00e9ment fournir une s\u00e9rie de donn\u00e9es qui le concernent pour contacter <\/span><b>Zanetti Chini<\/b><span style=\"font-weight: 400;\"> ou soumettre des demandes;<\/span><\/li>\n<li style=\"font-weight: 400;\"><span style=\"font-weight: 400;\">est \u00e9tablie en vertu de l&rsquo;art. 13 du R\u00e8glement g\u00e9n\u00e9ral de l&rsquo;UE sur la protection des donn\u00e9es (General Data Protection Regulation, appel\u00e9 ci-apr\u00e8s \u00ab\u00a0GDPR\u00a0\u00bb) et pr\u00e9sente les modalit\u00e9s d&rsquo;utilisation, de partage, d&rsquo;acc\u00e8s, de modification ou de suppression des informations personnelles fournies par l&rsquo;utilisateur. Cette note explicative s&rsquo;inspire en outre de la Recommandation n\u00b0 2\/2001 relative aux exigences minimales pour la collecte de donn\u00e9es en ligne au sein de l&rsquo;Union europ\u00e9enne, adopt\u00e9e le 17 mai 2001 par le Groupe de travail \u00ab\u00a0Article 29\u00a0\u00bb.<\/span><\/li>\n<\/ul>\n<p><span style=\"font-weight: 400;\">Cette Politique de Confidentialit\u00e9 est \u00e9tablie sp\u00e9cialement pour ce site et ne s&rsquo;applique donc pas aux autres sites web \u00e9ventuellement consult\u00e9s par l&rsquo;utilisateur via les liens pr\u00e9sents sur les pages du site. Si vous visitez d&rsquo;autres sites web, nous vous recommandons de consulter leurs Politiques de Confidentialit\u00e9 respectives.<\/span><\/p>\n<p><span style=\"font-weight: 400;\">***<\/span><\/p>\n<p><span style=\"font-weight: 400;\">Les mesures de s\u00e9curit\u00e9 r\u00e9gissant ce site ont \u00e9t\u00e9 d\u00e9finies et mises en \u0153uvre afin que le traitement des donn\u00e9es personnelles des utilisateurs se fasse dans les respect des principes de l\u00e9galit\u00e9, d&rsquo;\u00e9quit\u00e9, de transparence, de limitation des finalit\u00e9s et de la conservation, de minimisation des donn\u00e9es, d&rsquo;exactitude, d&rsquo;int\u00e9grit\u00e9 et de confidentialit\u00e9, conform\u00e9ment aux l\u00e9gislations nationales et europ\u00e9ennes en vigueur.<\/span><\/p>\n<p><span style=\"font-weight: 400;\">***<\/span><\/p>\n<p><b>Sommaire<\/b><\/p>\n<p><span style=\"font-weight: 400;\">Politique de Confidentialit\u00e9 \u2013 <\/span><a href=\"https:\/\/www.zanettichini.it\/\"><span style=\"font-weight: 400;\">www.zanettichini.it<\/span><\/a><span style=\"font-weight: 400;\">&#8230;&#8230;&#8230;&#8230;&#8230;&#8230;&#8230;&#8230;&#8230;&#8230;&#8230;&#8230;&#8230;&#8230;&#8230;&#8230;1<\/span><\/p>\n<ol>\n<li><span style=\"font-weight: 400;\"> Responsable du traitement&#8230;&#8230;&#8230;&#8230;&#8230;&#8230;&#8230;&#8230;&#8230;&#8230;&#8230;&#8230;&#8230;&#8230;&#8230;&#8230;&#8230;&#8230;&#8230;&#8230;&#8230;&#8230;&#8230;&#8230;&#8230;&#8230;&#8230;&#8230;&#8230;&#8230;&#8230;&#8230;&#8230;&#8230;&#8230;&#8230;&#8230;2<\/span><\/li>\n<li><span style=\"font-weight: 400;\">Donn\u00e9es personnelles faisant l&rsquo;objet du traitement&#8230;&#8230;&#8230;&#8230;&#8230;&#8230;&#8230;&#8230;&#8230;&#8230;&#8230;&#8230;&#8230;&#8230;&#8230;&#8230;&#8230;&#8230;&#8230;&#8230;..2<\/span><\/li>\n<\/ol>\n<p><span style=\"font-weight: 400;\">2.1 Donn\u00e9es de navigation&#8230;&#8230;&#8230;&#8230;&#8230;&#8230;&#8230;&#8230;&#8230;&#8230;&#8230;&#8230;&#8230;&#8230;&#8230;&#8230;&#8230;&#8230;&#8230;&#8230;&#8230;&#8230;&#8230;&#8230;&#8230;&#8230;&#8230;&#8230;&#8230;&#8230;&#8230;&#8230;&#8230;&#8230;.2<\/span><\/p>\n<p><span style=\"font-weight: 400;\">2.2. Donn\u00e9es fournies volontairement par l&rsquo;utilisateur&#8230;&#8230;&#8230;&#8230;&#8230;&#8230;&#8230;&#8230;&#8230;&#8230;&#8230;&#8230;&#8230;&#8230;&#8230;&#8230;&#8230;&#8230;&#8230;&#8230;&#8230;&#8230;&#8230;&#8230;.2<\/span><\/p>\n<p><span style=\"font-weight: 400;\">2.3 Cookies&#8230;&#8230;&#8230;&#8230;&#8230;&#8230;&#8230;&#8230;&#8230;&#8230;&#8230;&#8230;&#8230;&#8230;&#8230;&#8230;&#8230;&#8230;&#8230;&#8230;&#8230;&#8230;&#8230;&#8230;&#8230;&#8230;&#8230;&#8230;&#8230;&#8230;&#8230;&#8230;&#8230;&#8230;&#8230;&#8230;&#8230;&#8230;&#8230;&#8230;&#8230;&#8230;3<\/span><\/p>\n<ol start=\"3\">\n<li><span style=\"font-weight: 400;\"> Donn\u00e9es des utilisateurs mineurs<\/span><span style=\"font-weight: 400;\">&#8230;&#8230;&#8230;&#8230;&#8230;&#8230;&#8230;&#8230;&#8230;&#8230;&#8230;&#8230;&#8230;&#8230;&#8230;&#8230;&#8230;&#8230;&#8230;&#8230;&#8230;&#8230;&#8230;&#8230;&#8230;&#8230;&#8230;&#8230;&#8230;&#8230;&#8230;3<\/span><\/li>\n<li><span style=\"font-weight: 400;\">Fondement juridique et finalit\u00e9s du traitement<\/span><span style=\"font-weight: 400;\">&#8230;&#8230;&#8230;&#8230;&#8230;&#8230;&#8230;&#8230;&#8230;&#8230;&#8230;&#8230;&#8230;&#8230;&#8230;&#8230;&#8230;&#8230;&#8230;&#8230;&#8230;&#8230;&#8230;&#8230;..3<\/span><\/li>\n<li><span style=\"font-weight: 400;\"> Destinataires des donn\u00e9es personnelles<\/span><span style=\"font-weight: 400;\">&#8230;&#8230;&#8230;&#8230;&#8230;&#8230;&#8230;&#8230;&#8230;&#8230;&#8230;&#8230;&#8230;&#8230;&#8230;&#8230;&#8230;&#8230;&#8230;&#8230;&#8230;&#8230;&#8230;&#8230;&#8230;&#8230;&#8230;&#8230;.4<\/span><\/li>\n<li><span style=\"font-weight: 400;\">Transfert des donn\u00e9es personnelles&#8230;&#8230;.<\/span><span style=\"font-weight: 400;\">&#8230;&#8230;&#8230;&#8230;&#8230;&#8230;&#8230;&#8230;&#8230;&#8230;&#8230;&#8230;&#8230;&#8230;&#8230;&#8230;&#8230;&#8230;&#8230;&#8230;&#8230;&#8230;&#8230;&#8230;&#8230;&#8230;&#8230;&#8230;4<\/span><\/li>\n<li><span style=\"font-weight: 400;\">Conservation des donn\u00e9es personnelles<\/span><span style=\"font-weight: 400;\">&#8230;&#8230;&#8230;&#8230;&#8230;&#8230;&#8230;&#8230;&#8230;&#8230;&#8230;&#8230;&#8230;&#8230;&#8230;&#8230;&#8230;&#8230;&#8230;&#8230;&#8230;&#8230;&#8230;&#8230;&#8230;&#8230;&#8230;&#8230;5<\/span><\/li>\n<li><span style=\"font-weight: 400;\"> Droits de l&rsquo;int\u00e9ress\u00e9<\/span><span style=\"font-weight: 400;\">&#8230;&#8230;&#8230;&#8230;&#8230;&#8230;&#8230;&#8230;&#8230;&#8230;&#8230;&#8230;&#8230;&#8230;&#8230;&#8230;&#8230;&#8230;&#8230;&#8230;&#8230;&#8230;&#8230;&#8230;&#8230;&#8230;&#8230;&#8230;&#8230;&#8230;&#8230;&#8230;&#8230;&#8230;&#8230;&#8230;&#8230;..5<\/span><\/li>\n<li><span style=\"font-weight: 400;\"> Modifications&#8230;&#8230;.<\/span><span style=\"font-weight: 400;\">&#8230;&#8230;&#8230;&#8230;&#8230;&#8230;&#8230;&#8230;&#8230;&#8230;&#8230;&#8230;&#8230;&#8230;&#8230;&#8230;&#8230;&#8230;&#8230;&#8230;&#8230;&#8230;&#8230;&#8230;&#8230;&#8230;&#8230;&#8230;&#8230;&#8230;&#8230;&#8230;&#8230;&#8230;&#8230;&#8230;&#8230;&#8230;.5<\/span><\/li>\n<\/ol>\n<p>&nbsp;<\/p>\n<ol>\n<li><b> Responsable du traitement\u00a0<\/b><\/li>\n<\/ol>\n<p><span style=\"font-weight: 400;\">Le responsable du traitement est Zanetti Chini, dont le si\u00e8ge l\u00e9gal est sis <\/span>via Brughiere 15, San Maurizio d&rsquo;Opaglio (NO) 28017\u00a0 <span style=\"font-weight: 400;\">C.F. et le num\u00e9ro de TVA est le 01128740030.<\/span><\/p>\n<p><span style=\"font-weight: 400;\">La liste actualis\u00e9e des sous-traitants et des personnes autoris\u00e9es \u00e0 proc\u00e9der au traitement des donn\u00e9es est conserv\u00e9e au si\u00e8ge l\u00e9gal du Responsable. Pour toute information suppl\u00e9mentaire ou pr\u00e9cision, contactez Zanetti Chini \u00e0 l&rsquo;adresse postale indiqu\u00e9e ou \u00e0 l&rsquo;adresse mail info@zanettichini.it.<\/span><\/p>\n<ol start=\"2\">\n<li><b> Donn\u00e9es personnelles faisant l&rsquo;objet du traitement<\/b><\/li>\n<\/ol>\n<p><b>2.1. Donn\u00e9es de navigation<\/b><\/p>\n<p><span style=\"font-weight: 400;\">Le traitement des donn\u00e9es personnelles des utilisateurs qui visitent et consultent le site se limite \u00e0 ce que\u00a0l&rsquo;on appelle les donn\u00e9es de navigation, dont la transmission est n\u00e9cessaire au bon fonctionnement des syst\u00e8mes informatiques et des programmes n\u00e9cessaires \u00e0 la fonctionnalit\u00e9 du site, mais qui, de par leur nature, pourraient, associ\u00e9es \u00e0 d&rsquo;autres donn\u00e9es, permettre l&rsquo;identification des utilisateurs.<\/span><\/p>\n<p><span style=\"font-weight: 400;\">Ces donn\u00e9es incluent les adresses IP ou les noms des ordinateurs avec lesquels les utilisateurs se connectent au site, les adresses URI (Uniform Resource Identifier) des ressources demand\u00e9es, l&rsquo;heure de la requ\u00eate, la m\u00e9thode utilis\u00e9e pour soumettre la requ\u00eate au serveur, la dimension du fichier obtenu en r\u00e9ponse, le code num\u00e9rique indiquant l&rsquo;\u00e9tat de la r\u00e9ponse donn\u00e9e par le serveur (succ\u00e8s, erreur, etc.) et d&rsquo;autres param\u00e8tres relatifs au syst\u00e8me d&rsquo;exploitation et \u00e0 la plateforme informatique de l&rsquo;utilisateur.<\/span><\/p>\n<p><span style=\"font-weight: 400;\">Ces donn\u00e9es sont uniquement utilis\u00e9es pour d\u00e9gager des statistiques anonymes sur l&rsquo;utilisation du site et pour veiller \u00e0 son bon fonctionnement. Les donn\u00e9es en question pourront, en outre, servir \u00e0 d\u00e9terminer les responsabilit\u00e9s dans l&rsquo;hypoth\u00e8se o\u00f9 un d\u00e9lit informatique serait commis au d\u00e9triment du site, conform\u00e9ment aux proc\u00e9dures en vigueur aupr\u00e8s des autorit\u00e9s comp\u00e9tentes.<\/span><\/p>\n<p><span style=\"font-weight: 400;\">En dehors de cette \u00e9ventualit\u00e9, les donn\u00e9es de navigation sont conserv\u00e9es temporairement, dans le respect des lois applicables.\u00a0<\/span><\/p>\n<p><b>2.2. Donn\u00e9es fournies volontairement par l&rsquo;utilisateur<\/b><\/p>\n<p><span style=\"font-weight: 400;\">Pour acc\u00e9der aux contenus du site, il n&rsquo;est pas n\u00e9cessaire de s&rsquo;inscrire. Il existe cependant, \u00e0 l&rsquo;int\u00e9rieur du site, des services dont l&rsquo;utilisation implique de communiquer ses donn\u00e9es.<\/span><\/p>\n<p><span style=\"font-weight: 400;\">D\u00e8s lors que Zanetti Chini recueille des informations et donn\u00e9es personnelles, les utilisateurs sont inform\u00e9s au pr\u00e9alable des finalit\u00e9s pour lesquelles lesdites donn\u00e9es sont requises et des modalit\u00e9s selon lesquelles elles seront utilis\u00e9es.<\/span><\/p>\n<p><span style=\"font-weight: 400;\">\u00c0 titre d&rsquo;exemple, si l&rsquo;utilisateur d\u00e9cide de contacter Zanetti Chini via les formulaires de contact, on pourra lui demander de communiquer des donn\u00e9es personnelles comme son nom et son pr\u00e9nom, son num\u00e9ro de t\u00e9l\u00e9phone, son adresse e-mail et \u00e9ventuellement d&rsquo;autres informations que l&rsquo;utilisateur accepte de fournir. Dans ce cas, l&rsquo;utilisateur consent \u00e0 ce qu&rsquo;elles soient utilis\u00e9es pour r\u00e9pondre aux demandes d&rsquo;informations, de devis ou de toute autre nature indiqu\u00e9e par l&rsquo;en-t\u00eate du formulaire.<\/span><\/p>\n<p><span style=\"font-weight: 400;\">Si n\u00e9cessaire, Zanetti Chini demandera \u00e0 ce que l&rsquo;utilisateur consente explicitement \u00e0 l&rsquo;utilisation de ses donn\u00e9es.<\/span><\/p>\n<p><b>2.3. Cookies<\/b><\/p>\n<p><span style=\"font-weight: 400;\">Zanetti Chini utilise des cookies sur ce site. Pour toute information \u00e0 ce sujet, nous vous invitons \u00e0 consulter notre <\/span><span style=\"font-weight: 400;\">Politique en mati\u00e8re de Cookies<\/span><span style=\"font-weight: 400;\">.<\/span><\/p>\n<ol start=\"3\">\n<li><b> Donn\u00e9es des utilisateurs mineurs<\/b><\/li>\n<\/ol>\n<p><span style=\"font-weight: 400;\">Le site ne s&rsquo;adressant pas aux mineurs, Zanetti Chini ne collecte pas volontairement les donn\u00e9es personnelles de ces derniers. Dans l&rsquo;hypoth\u00e8se o\u00f9 des informations sur des personnes mineures seraient accidentellement enregistr\u00e9es, Zanetti Chini fera en sorte de les supprimer en temps voulu \u00e0 la demande des utilisateurs.<\/span><\/p>\n<ol start=\"4\">\n<li><b> Fondement juridique et finalit\u00e9s du traitement<\/b><\/li>\n<\/ol>\n<p><span style=\"font-weight: 400;\">Le tableau suivant pr\u00e9sente le cadre l\u00e9gal et les raisons pour lesquelles les donn\u00e9es de l&rsquo;utilisateur peuvent \u00eatre trait\u00e9es par Zanetti Chini\u00a0:<\/span><\/p>\n<p>&nbsp;<\/p>\n<table>\n<tbody>\n<tr>\n<td><b>FONDEMENT JURIDIQUE<\/b><\/td>\n<td><b>FINALIT\u00c9S<\/b><\/td>\n<\/tr>\n<tr>\n<td><b>Contrat<\/b><\/td>\n<td><\/td>\n<\/tr>\n<tr>\n<td><span style=\"font-weight: 400;\">Dans certains cas, il est n\u00e9cessaire de traiter les donn\u00e9es personnelles de l&rsquo;utilisateur afin d&rsquo;appliquer les termes de notre contrat se r\u00e9f\u00e9rant \u00e0 l&rsquo;utilisation du site.<\/span><\/td>\n<td><span style=\"font-weight: 400;\">&#8211; Permettre l&rsquo;acc\u00e8s au site web et permettre \u00e0 l&rsquo;utilisateur de l&rsquo;utiliser correctement.<\/span><\/p>\n<p><span style=\"font-weight: 400;\">&#8211; Traiter les demandes de l&rsquo;utilisateur et fournir des informations.<\/span><\/td>\n<\/tr>\n<tr>\n<td><b>Int\u00e9r\u00eat l\u00e9gitime<\/b><\/td>\n<td><\/td>\n<\/tr>\n<tr>\n<td><span style=\"font-weight: 400;\">Nous collectons et traitons les donn\u00e9es personnelles pour am\u00e9liorer et veiller \u00e0 l&rsquo;efficacit\u00e9 du site et offrir des services r\u00e9guli\u00e8rement mis \u00e0 jour.<\/span><\/td>\n<td><span style=\"font-weight: 400;\">&#8211; Am\u00e9liorer l&rsquo;efficacit\u00e9 du site.<\/span><\/p>\n<p><span style=\"font-weight: 400;\">&#8211; Proc\u00e9der \u00e0 des analyses statistiques sur l&rsquo;efficacit\u00e9 et sur le fonctionnement du site.<\/span><\/p>\n<p><span style=\"font-weight: 400;\">&#8211; Offrir \u00e0 l&rsquo;utilisateur la meilleure exp\u00e9rience de navigation possible.<\/span><\/td>\n<\/tr>\n<tr>\n<td><span style=\"font-weight: 400;\">Recrutement du personnel\u00a0<\/span><\/td>\n<td><span style=\"font-weight: 400;\">G\u00e9rer et r\u00e9pondre aux candidatures pr\u00e9sent\u00e9es via le site et concernant lesquelles nous vous invitons \u00e0 lire <\/span><span style=\"font-weight: 400;\">la note d&rsquo;information d\u00e9di\u00e9e<\/span><span style=\"font-weight: 400;\">.<\/span><\/td>\n<\/tr>\n<tr>\n<td><b>Observation des obligations juridiques<\/b><\/td>\n<td><\/td>\n<\/tr>\n<tr>\n<td><span style=\"font-weight: 400;\">Nous pourrions \u00eatre amen\u00e9s \u00e0 utiliser les donn\u00e9es fournies pour r\u00e9pondre \u00e0 des requ\u00eates \u00e9manant des autorit\u00e9s et pour respecter les obligations relatives \u00e0 la s\u00e9curit\u00e9.<\/span><\/td>\n<td><span style=\"font-weight: 400;\">Dans certains cas, nous pourrions avoir besoin d&rsquo;utiliser vos informations personnelles pour g\u00e9rer et r\u00e9soudre des litiges et garantir la s\u00e9curit\u00e9 du site et des utilisateurs.<\/span><\/td>\n<\/tr>\n<tr>\n<td><b>Consentement<\/b><\/td>\n<td><\/td>\n<\/tr>\n<tr>\n<td><span style=\"font-weight: 400;\">Avec le consentement pr\u00e9alable de l&rsquo;utilisateur, nous pourrons exercer des activit\u00e9s de marketing.<\/span><\/td>\n<td><span style=\"font-weight: 400;\">Avec votre accord, nous pourrons vous envoyer des messages commerciaux pour vous tenir inform\u00e9 sur nos produits et services, et partager avec vous nos derni\u00e8res nouveaut\u00e9s.<\/span><\/td>\n<\/tr>\n<tr>\n<td><span style=\"font-weight: 400;\">Avec le consentement pr\u00e9alable de l&rsquo;utilisateur, nous pourrons proc\u00e9der \u00e0 un traitement de profilage sur l&rsquo;activit\u00e9 du site.\u00a0<\/span><\/td>\n<td><span style=\"font-weight: 400;\">Avec l&rsquo;accord de l&rsquo;utilisateur, nous pourrons exercer des activit\u00e9s de profilage, en utilisant des cookies et des technologies similaires, afin d&rsquo;am\u00e9liorer l&rsquo;exp\u00e9rience de navigation sur notre site et vous offrir un service personnalis\u00e9. Pour plus d&rsquo;informations, voyez notre <\/span><span style=\"font-weight: 400;\">Politique en mati\u00e8re de <a title=\"Cookie Policy\" href=\"\/fr\/cookie-policy\/\">Cookies<\/a><\/span><span style=\"font-weight: 400;\">.<\/span><\/td>\n<\/tr>\n<\/tbody>\n<\/table>\n<p>&nbsp;<\/p>\n<ol start=\"5\">\n<li><b> Destinataires des donn\u00e9es personnelles<\/b><\/li>\n<\/ol>\n<p><span style=\"font-weight: 400;\">Les donn\u00e9es personnelles de l&rsquo;utilisateur pourront \u00eatre partag\u00e9es, pour les finalit\u00e9s expos\u00e9es au paragraphe 4 de la pr\u00e9sente Politique de Confidentialit\u00e9, avec\u00a0:<\/span><\/p>\n<ul>\n<li style=\"font-weight: 400;\"><span style=\"font-weight: 400;\">des sujets agissant en tant que sous-traitants au traitement des donn\u00e9es, notamment, \u00e0 titre d&rsquo;exemple, des personnes, soci\u00e9t\u00e9s ou organismes professionnels exer\u00e7ant une activit\u00e9 d&rsquo;assistance ou d&rsquo;expertise aupr\u00e8s d&rsquo;Zanetti Chini dans le domaine comptable, administratif, l\u00e9gal, fiscal et financier ; des sujets appel\u00e9s \u00e0 fournir des services de nature technique ; des \u00e9tablissements de cr\u00e9dits et des compagnies d&rsquo;assurance;<\/span><\/li>\n<li style=\"font-weight: 400;\"><span style=\"font-weight: 400;\">les personnes autoris\u00e9es par Zanetti Chini \u00e0 proc\u00e9der au traitement des donn\u00e9es personnelles pour des activit\u00e9s strictement li\u00e9es \u00e0 l&rsquo;octroi des services, et ayant un devoir de r\u00e9serve;<\/span><\/li>\n<li style=\"font-weight: 400;\"><span style=\"font-weight: 400;\">les forces de police, les forces arm\u00e9es et autres pouvoirs publics, pour r\u00e9pondre aux obligations pr\u00e9vues par les lois, r\u00e8glements et par la l\u00e9gislation nationale ou europ\u00e9enne, ainsi qu&rsquo;\u00e0 des agences ou professionnels du recouvrement (par ex. en cas de dettes non pay\u00e9es \u00e0 Zanetti Chini) ou engag\u00e9s pour assurer la d\u00e9fense d&rsquo;Zanetti Chini, par exemple en cas de violation du r\u00e9seau par les utilisateurs;<\/span><\/li>\n<li style=\"font-weight: 400;\"><span style=\"font-weight: 400;\">uniquement avec l&rsquo;accord explicite de l&rsquo;utilisateur, les donn\u00e9es personnelles pourront \u00eatre communiqu\u00e9es \u00e0 des partenaires commerciaux d&rsquo;Zanetti Chini ou \u00e0 des tiers (\u00e0 condition que ces derniers aient adopt\u00e9 des crit\u00e8res de s\u00e9curit\u00e9 et de protection des donn\u00e9es conformes \u00e0 la l\u00e9gislation en vigueur) \u00e0 des fins de marketing et de profilage, comme indiqu\u00e9 plus haut.<\/span><\/li>\n<\/ul>\n<ol start=\"6\">\n<li><b> Transfert des donn\u00e9es personnelles<\/b><\/li>\n<\/ol>\n<p><span style=\"font-weight: 400;\">Zanetti Chini ne transf\u00e8re pas de donn\u00e9es personnelles dans des pays tiers ou \u00e0 des organisations internationales. Cependant, la soci\u00e9t\u00e9 se r\u00e9serve le droit de recourir \u00e0 des services bas\u00e9s sur le Cloud. Dans ce cas, les fournisseurs desdits services seront s\u00e9lectionn\u00e9s parmi ceux qui fournissent les garanties ad\u00e9quates, conform\u00e9ment \u00e0 l&rsquo;art. 46 du GDPR 679\/16. D\u00e8s lors, le traitement sera effectu\u00e9 selon l&rsquo;une des modalit\u00e9s permises par la loi en vigueur, comme par exemple l&rsquo;adoption de Clauses Standard approuv\u00e9es par la Commission europ\u00e9enne, la s\u00e9lection de sujets ayant adh\u00e9r\u00e9 \u00e0 des programmes internationaux pour la libre circulation des donn\u00e9es (ex. EU-USA Privacy Shield) ou op\u00e9rant dans des pays consid\u00e9r\u00e9s comme s\u00fbrs par la Commission europ\u00e9enne.<\/span><\/p>\n<ol start=\"7\">\n<li><b> Conservation des donn\u00e9es personnelles<\/b><\/li>\n<\/ol>\n<p><span style=\"font-weight: 400;\">Les syst\u00e8mes d&rsquo;information et les programmes informatiques utilis\u00e9s par Zanetti Chini sont configur\u00e9s de mani\u00e8re \u00e0 r\u00e9duire au minimum l&rsquo;utilisation de donn\u00e9es personnelles et d&rsquo;identification. Ces donn\u00e9es sont trait\u00e9es uniquement pour la r\u00e9alisation des finalit\u00e9s sp\u00e9cifiques poursuivies \u00e0 chaque fois. Quoi qu&rsquo;il en soit, le crit\u00e8re adopt\u00e9 pour d\u00e9terminer la dur\u00e9e de conservation est fond\u00e9 sur le respect des termes autoris\u00e9s par les lois applicables et par les principes de minimisation du traitement et de gestion rationnelle des archives.\u00a0<\/span><\/p>\n<ol start=\"8\">\n<li><b> Droits de l&rsquo;int\u00e9ress\u00e9<\/b><\/li>\n<\/ol>\n<p><span style=\"font-weight: 400;\">En vertu des art. 15 et suivants du R\u00e8glement, l&rsquo;utilisateur a le droit de demander, \u00e0 tout moment, \u00e0 Zanetti Chini, d&rsquo;acc\u00e9der \u00e0 ses donn\u00e9es personnelles et que ces derni\u00e8res soient rectifi\u00e9es ou supprim\u00e9es ou encore de s&rsquo;opposer \u00e0 leur traitement, conform\u00e9ment \u00e0 l&rsquo;art. 21 du GDPR. Il a, en outre, le droit de r\u00e9clamer la limitation du traitement, dans les cas pr\u00e9vus par l&rsquo;art. 18 du GDPR, et d&rsquo;obtenir, sous un format structur\u00e9, d&rsquo;usage courant et pouvant \u00eatre lu par un dispositif automatique, les donn\u00e9es qui le concernent, dans les cas pr\u00e9vus par l&rsquo;art. 20 du GDPR.<\/span><\/p>\n<p><span style=\"font-weight: 400;\">Les demandes doivent \u00eatre adress\u00e9es par \u00e9crit au Responsable, \u00e0 l&rsquo;adresse indiqu\u00e9e au paragraphe n\u00b01 de cette Politique de Confidentialit\u00e9.<\/span><\/p>\n<p><span style=\"font-weight: 400;\">Quoi qu&rsquo;il en soit, l&rsquo;utilisateur est toujours en droit d&rsquo;introduire une r\u00e9clamation aupr\u00e8s de l&rsquo;Autorit\u00e9 de surveillance comp\u00e9tente (Garante de la protection des donn\u00e9es personnelles), en vertu de l&rsquo;art. 77 du R\u00e8glement, d\u00e8s lors qu&rsquo;il consid\u00e8rerait que le traitement de ses donn\u00e9es serait contraire \u00e0 la l\u00e9gislation en vigueur.<\/span><\/p>\n<ol start=\"9\">\n<li><b> Modifications<\/b><\/li>\n<\/ol>\n<p><span style=\"font-weight: 400;\">Zanetti Chini se r\u00e9serve le droit de modifier ou simplement de mettre \u00e0 jour le contenu de la pr\u00e9sente Politique de Confidentialit\u00e9, en partie ou enti\u00e8rement, notamment en cas de changements dans la l\u00e9gislation applicable.<\/span><\/p>\n<p><span style=\"font-weight: 400;\">Zanetti Chini invite ainsi ses utilisateurs \u00e0 consulter r\u00e9guli\u00e8rement cette rubrique, de mani\u00e8re \u00e0 \u00eatre toujours au courant des donn\u00e9es collect\u00e9es et de l&rsquo;usage qu&rsquo;en fait le Responsable du traitement.<\/span>[\/vc_column_text][\/vc_column][\/vc_row]<\/p>\n<\/div>","protected":false},"excerpt":{"rendered":"<p>[vc_row][vc_column][vc_column_text]Politique de Confidentialit\u00e9 \u2013 www.zanettichini.it Zanetti Chini Giuseppe e C sas, d\u00e9sormais Zanetti Chini, en sa qualit\u00e9 de Responsable du traitement, accorde une attention particuli\u00e8re \u00e0 la protection des donn\u00e9es personnelles des utilisateurs de son site www.zanettichini.it. Nous vous invitons donc, avant de communiquer toute donn\u00e9e personnelle, \u00e0 lire attentivement cette Politique de Confidentialit\u00e9, car elle contient des informations importantes<\/p>\n<div class=\"h10\"><\/div>\n<p><a class=\"more-link2 flat\" href=\"https:\/\/www.zanettichini.it\/fr\/privacy-policy\/\">Read more<\/a><\/p>\n","protected":false},"author":5,"featured_media":0,"parent":0,"menu_order":0,"comment_status":"closed","ping_status":"closed","template":"","meta":{"_acf_changed":false,"footnotes":""},"class_list":["post-35393","page","type-page","status-publish","hentry"],"acf":[],"aioseo_notices":[],"_links":{"self":[{"href":"https:\/\/www.zanettichini.it\/fr\/wp-json\/wp\/v2\/pages\/35393","targetHints":{"allow":["GET"]}}],"collection":[{"href":"https:\/\/www.zanettichini.it\/fr\/wp-json\/wp\/v2\/pages"}],"about":[{"href":"https:\/\/www.zanettichini.it\/fr\/wp-json\/wp\/v2\/types\/page"}],"author":[{"embeddable":true,"href":"https:\/\/www.zanettichini.it\/fr\/wp-json\/wp\/v2\/users\/5"}],"replies":[{"embeddable":true,"href":"https:\/\/www.zanettichini.it\/fr\/wp-json\/wp\/v2\/comments?post=35393"}],"version-history":[{"count":2,"href":"https:\/\/www.zanettichini.it\/fr\/wp-json\/wp\/v2\/pages\/35393\/revisions"}],"predecessor-version":[{"id":35490,"href":"https:\/\/www.zanettichini.it\/fr\/wp-json\/wp\/v2\/pages\/35393\/revisions\/35490"}],"wp:attachment":[{"href":"https:\/\/www.zanettichini.it\/fr\/wp-json\/wp\/v2\/media?parent=35393"}],"curies":[{"name":"wp","href":"https:\/\/api.w.org\/{rel}","templated":true}]}}