{"id":34784,"date":"2020-04-21T18:59:13","date_gmt":"2020-04-21T16:59:13","guid":{"rendered":"https:\/\/www.zanettichini.it\/prodotto\/ravenna-zc320906\/"},"modified":"2020-11-19T15:49:09","modified_gmt":"2020-11-19T14:49:09","slug":"melangeur-evier-sous-la-fenetre-novara-art-zc320916","status":"publish","type":"product","link":"https:\/\/www.zanettichini.it\/fr\/prodotto\/melangeur-evier-sous-la-fenetre-novara-art-zc320916\/","title":{"rendered":"M\u00c9LANGEUR \u00c9VIER SOUS LA FEN\u00caTRE NOVARA art. ZC320916"},"content":{"rendered":"","protected":false},"excerpt":{"rendered":"","protected":false},"featured_media":14561,"template":"","meta":{"_acf_changed":false},"product_brand":[],"product_cat":[458],"product_tag":[283],"class_list":{"0":"post-34784","1":"product","2":"type-product","3":"status-publish","4":"has-post-thumbnail","6":"product_cat-nessuna-categoria","7":"product_tag-ravenna-fr","9":"first","10":"instock","11":"purchasable","12":"product-type-variable"},"acf":[],"aioseo_notices":[],"_links":{"self":[{"href":"https:\/\/www.zanettichini.it\/fr\/wp-json\/wp\/v2\/product\/34784","targetHints":{"allow":["GET"]}}],"collection":[{"href":"https:\/\/www.zanettichini.it\/fr\/wp-json\/wp\/v2\/product"}],"about":[{"href":"https:\/\/www.zanettichini.it\/fr\/wp-json\/wp\/v2\/types\/product"}],"wp:featuredmedia":[{"embeddable":true,"href":"https:\/\/www.zanettichini.it\/fr\/wp-json\/wp\/v2\/media\/14561"}],"wp:attachment":[{"href":"https:\/\/www.zanettichini.it\/fr\/wp-json\/wp\/v2\/media?parent=34784"}],"wp:term":[{"taxonomy":"product_brand","embeddable":true,"href":"https:\/\/www.zanettichini.it\/fr\/wp-json\/wp\/v2\/product_brand?post=34784"},{"taxonomy":"product_cat","embeddable":true,"href":"https:\/\/www.zanettichini.it\/fr\/wp-json\/wp\/v2\/product_cat?post=34784"},{"taxonomy":"product_tag","embeddable":true,"href":"https:\/\/www.zanettichini.it\/fr\/wp-json\/wp\/v2\/product_tag?post=34784"}],"curies":[{"name":"wp","href":"https:\/\/api.w.org\/{rel}","templated":true}]}}